{"id":1337,"date":"2023-12-07T13:13:14","date_gmt":"2023-12-07T13:13:14","guid":{"rendered":"https:\/\/alpakarancslovenija.si\/product\/polsteno-milo\/"},"modified":"2025-11-17T10:25:09","modified_gmt":"2025-11-17T10:25:09","slug":"polsteno-milo","status":"publish","type":"product","link":"https:\/\/alpakarancslovenija.si\/en\/product\/polsteno-milo\/","title":{"rendered":"Polsteno milo"},"content":{"rendered":"<div dir=\"auto\">Polsteno milo je ro\u010dno zavito v 100% alpakina vlakna. Vsako milo je ustvarjeno posebej in tako je vsako unikat.<\/div>\n<div dir=\"auto\">Uporaba, zna\u010dilnosti in prednosti polstenega mila iz alpake dlake:<\/div>\n<div dir=\"auto\">\u2022 Uporaba pod prho ali pri umivalniku z u\u010dinkom ne\u017enega pilinga<\/div>\n<div dir=\"auto\">\u2022 Zmo\u010dite milo in ga podrgnite, alpakina vlakna ter voda pa bodo poskrbeli, da se ustvari pena<\/div>\n<div dir=\"auto\">\u2022 Odli\u010dno za ob\u010dutljivo ko\u017eo, saj so vlakna alpake hipoalergena in na ko\u017eo delujejo ne\u017eno<\/div>\n<div dir=\"auto\">\u2022 Mila so obstojna 2- do 3-krat dlje, ker so ovita z vlakni<\/div>\n<div dir=\"auto\">\n<div>\n<div dir=\"auto\">Poleg omenjenih koristi so ta mila ustvarjena ro\u010dno in z zelo barvitim dizajnom vlaken na\u0161ih \u017eivali (volna ni barvana). Dlako spomladi postri\u017eemo, skrbno preberemo, operemo ter raz\u010de\u0161emo. Vsako milo je ro\u010dni unikat, zato se barve\/dizajni lahko razlikujejo.&nbsp;<\/div>\n<div dir=\"auto\"><\/div>\n<\/div>\n<\/div>","protected":false},"excerpt":{"rendered":"<p>Polsteno milo je ro\u010dno zavito v 100% alpakina vlakna. Vsako milo je ustvarjeno posebej in tako je vsako unikat. Uporaba, zna\u010dilnosti in prednosti polstenega mila iz alpake dlake: \u2022 Uporaba pod prho ali pri umivalniku z u\u010dinkom ne\u017enega pilinga \u2022 Zmo\u010dite milo in ga podrgnite, alpakina vlakna ter voda pa bodo poskrbeli, da se ustvari [&hellip;]<\/p>","protected":false},"featured_media":1340,"template":"","meta":[],"product_brand":[],"product_cat":[15],"product_tag":[],"class_list":{"0":"post-1337","1":"product","2":"type-product","3":"status-publish","4":"has-post-thumbnail","6":"product_cat-naravniizdelki","7":"grve-entry-item","9":"first","10":"instock","11":"shipping-taxable","12":"purchasable","13":"product-type-simple"},"yoast_head":"<!-- This site is optimized with the Yoast SEO plugin v24.3 - https:\/\/yoast.com\/wordpress\/plugins\/seo\/ -->\n<title>Polsteno milo - Alpaka Ran\u010d Slovenija<\/title>\n<meta name=\"robots\" content=\"index, follow, max-snippet:-1, max-image-preview:large, max-video-preview:-1\" \/>\n<link rel=\"canonical\" href=\"https:\/\/alpakarancslovenija.si\/en\/product\/polsteno-milo\/\" \/>\n<meta property=\"og:locale\" content=\"en_GB\" \/>\n<meta property=\"og:type\" content=\"article\" \/>\n<meta property=\"og:title\" content=\"Polsteno milo - Alpaka Ran\u010d Slovenija\" \/>\n<meta property=\"og:description\" content=\"Polsteno milo je ro\u010dno zavito v 100% alpakina vlakna. Vsako milo je ustvarjeno posebej in tako je vsako unikat. Uporaba, zna\u010dilnosti in prednosti polstenega mila iz alpake dlake: \u2022 Uporaba pod prho ali pri umivalniku z u\u010dinkom ne\u017enega pilinga \u2022 Zmo\u010dite milo in ga podrgnite, alpakina vlakna ter voda pa bodo poskrbeli, da se ustvari [&hellip;]\" \/>\n<meta property=\"og:url\" content=\"https:\/\/alpakarancslovenija.si\/en\/product\/polsteno-milo\/\" \/>\n<meta property=\"og:site_name\" content=\"Alpaka Ran\u010d Slovenija\" \/>\n<meta property=\"article:publisher\" content=\"https:\/\/www.facebook.com\/profile.php?id=100078150129890\" \/>\n<meta property=\"article:modified_time\" content=\"2025-11-17T10:25:09+00:00\" \/>\n<meta property=\"og:image\" content=\"https:\/\/alpakarancslovenija.si\/wp-content\/uploads\/2023\/12\/img_1183-scaled.jpeg\" \/>\n\t<meta property=\"og:image:width\" content=\"1920\" \/>\n\t<meta property=\"og:image:height\" content=\"2560\" \/>\n\t<meta property=\"og:image:type\" content=\"image\/jpeg\" \/>\n<meta name=\"twitter:card\" content=\"summary_large_image\" \/>\n<meta name=\"twitter:label1\" content=\"Estimated reading time\" \/>\n\t<meta name=\"twitter:data1\" content=\"1 minute\" \/>\n<script type=\"application\/ld+json\" class=\"yoast-schema-graph\">{\"@context\":\"https:\/\/schema.org\",\"@graph\":[{\"@type\":\"WebPage\",\"@id\":\"https:\/\/alpakarancslovenija.si\/product\/polsteno-milo\/\",\"url\":\"https:\/\/alpakarancslovenija.si\/product\/polsteno-milo\/\",\"name\":\"Polsteno milo - Alpaka Ran\u010d Slovenija\",\"isPartOf\":{\"@id\":\"https:\/\/alpakarancslovenija.si\/#website\"},\"primaryImageOfPage\":{\"@id\":\"https:\/\/alpakarancslovenija.si\/product\/polsteno-milo\/#primaryimage\"},\"image\":{\"@id\":\"https:\/\/alpakarancslovenija.si\/product\/polsteno-milo\/#primaryimage\"},\"thumbnailUrl\":\"https:\/\/alpakarancslovenija.si\/wp-content\/uploads\/2023\/12\/img_1183-scaled.jpeg\",\"datePublished\":\"2023-12-07T13:13:14+00:00\",\"dateModified\":\"2025-11-17T10:25:09+00:00\",\"breadcrumb\":{\"@id\":\"https:\/\/alpakarancslovenija.si\/product\/polsteno-milo\/#breadcrumb\"},\"inLanguage\":\"en-GB\",\"potentialAction\":[{\"@type\":\"ReadAction\",\"target\":[\"https:\/\/alpakarancslovenija.si\/product\/polsteno-milo\/\"]}]},{\"@type\":\"ImageObject\",\"inLanguage\":\"en-GB\",\"@id\":\"https:\/\/alpakarancslovenija.si\/product\/polsteno-milo\/#primaryimage\",\"url\":\"https:\/\/alpakarancslovenija.si\/wp-content\/uploads\/2023\/12\/img_1183-scaled.jpeg\",\"contentUrl\":\"https:\/\/alpakarancslovenija.si\/wp-content\/uploads\/2023\/12\/img_1183-scaled.jpeg\",\"width\":1920,\"height\":2560},{\"@type\":\"BreadcrumbList\",\"@id\":\"https:\/\/alpakarancslovenija.si\/product\/polsteno-milo\/#breadcrumb\",\"itemListElement\":[{\"@type\":\"ListItem\",\"position\":1,\"name\":\"Home\",\"item\":\"https:\/\/alpakarancslovenija.si\/\"},{\"@type\":\"ListItem\",\"position\":2,\"name\":\"Izdelki\",\"item\":\"https:\/\/alpakarancslovenija.si\/shop\/\"},{\"@type\":\"ListItem\",\"position\":3,\"name\":\"Polsteno milo\"}]},{\"@type\":\"WebSite\",\"@id\":\"https:\/\/alpakarancslovenija.si\/#website\",\"url\":\"https:\/\/alpakarancslovenija.si\/\",\"name\":\"Alpaka Ran\u010d Slovenija\",\"description\":\"Dobrodo\u0161li na Alpaka Ran\u010d\",\"publisher\":{\"@id\":\"https:\/\/alpakarancslovenija.si\/#organization\"},\"potentialAction\":[{\"@type\":\"SearchAction\",\"target\":{\"@type\":\"EntryPoint\",\"urlTemplate\":\"https:\/\/alpakarancslovenija.si\/?s={search_term_string}\"},\"query-input\":{\"@type\":\"PropertyValueSpecification\",\"valueRequired\":true,\"valueName\":\"search_term_string\"}}],\"inLanguage\":\"en-GB\"},{\"@type\":\"Organization\",\"@id\":\"https:\/\/alpakarancslovenija.si\/#organization\",\"name\":\"Alpaka Ran\u010d Slovenija\",\"url\":\"https:\/\/alpakarancslovenija.si\/\",\"logo\":{\"@type\":\"ImageObject\",\"inLanguage\":\"en-GB\",\"@id\":\"https:\/\/alpakarancslovenija.si\/#\/schema\/logo\/image\/\",\"url\":\"https:\/\/alpakarancslovenija.si\/wp-content\/uploads\/2023\/02\/image_6487327.jpg\",\"contentUrl\":\"https:\/\/alpakarancslovenija.si\/wp-content\/uploads\/2023\/02\/image_6487327.jpg\",\"width\":1024,\"height\":1001,\"caption\":\"Alpaka Ran\u010d Slovenija\"},\"image\":{\"@id\":\"https:\/\/alpakarancslovenija.si\/#\/schema\/logo\/image\/\"},\"sameAs\":[\"https:\/\/www.facebook.com\/profile.php?id=100078150129890\",\"https:\/\/www.instagram.com\/alpakarancslovenija\/\"]}]}<\/script>\n<!-- \/ Yoast SEO plugin. -->","yoast_head_json":{"title":"Polsteno milo - Alpaka Ran\u010d Slovenija","robots":{"index":"index","follow":"follow","max-snippet":"max-snippet:-1","max-image-preview":"max-image-preview:large","max-video-preview":"max-video-preview:-1"},"canonical":"https:\/\/alpakarancslovenija.si\/en\/product\/polsteno-milo\/","og_locale":"en_GB","og_type":"article","og_title":"Polsteno milo - Alpaka Ran\u010d Slovenija","og_description":"Polsteno milo je ro\u010dno zavito v 100% alpakina vlakna. Vsako milo je ustvarjeno posebej in tako je vsako unikat. Uporaba, zna\u010dilnosti in prednosti polstenega mila iz alpake dlake: \u2022 Uporaba pod prho ali pri umivalniku z u\u010dinkom ne\u017enega pilinga \u2022 Zmo\u010dite milo in ga podrgnite, alpakina vlakna ter voda pa bodo poskrbeli, da se ustvari [&hellip;]","og_url":"https:\/\/alpakarancslovenija.si\/en\/product\/polsteno-milo\/","og_site_name":"Alpaka Ran\u010d Slovenija","article_publisher":"https:\/\/www.facebook.com\/profile.php?id=100078150129890","article_modified_time":"2025-11-17T10:25:09+00:00","og_image":[{"width":1920,"height":2560,"url":"https:\/\/alpakarancslovenija.si\/wp-content\/uploads\/2023\/12\/img_1183-scaled.jpeg","type":"image\/jpeg"}],"twitter_card":"summary_large_image","twitter_misc":{"Estimated reading time":"1 minute"},"schema":{"@context":"https:\/\/schema.org","@graph":[{"@type":"WebPage","@id":"https:\/\/alpakarancslovenija.si\/product\/polsteno-milo\/","url":"https:\/\/alpakarancslovenija.si\/product\/polsteno-milo\/","name":"Polsteno milo - Alpaka Ran\u010d Slovenija","isPartOf":{"@id":"https:\/\/alpakarancslovenija.si\/#website"},"primaryImageOfPage":{"@id":"https:\/\/alpakarancslovenija.si\/product\/polsteno-milo\/#primaryimage"},"image":{"@id":"https:\/\/alpakarancslovenija.si\/product\/polsteno-milo\/#primaryimage"},"thumbnailUrl":"https:\/\/alpakarancslovenija.si\/wp-content\/uploads\/2023\/12\/img_1183-scaled.jpeg","datePublished":"2023-12-07T13:13:14+00:00","dateModified":"2025-11-17T10:25:09+00:00","breadcrumb":{"@id":"https:\/\/alpakarancslovenija.si\/product\/polsteno-milo\/#breadcrumb"},"inLanguage":"en-GB","potentialAction":[{"@type":"ReadAction","target":["https:\/\/alpakarancslovenija.si\/product\/polsteno-milo\/"]}]},{"@type":"ImageObject","inLanguage":"en-GB","@id":"https:\/\/alpakarancslovenija.si\/product\/polsteno-milo\/#primaryimage","url":"https:\/\/alpakarancslovenija.si\/wp-content\/uploads\/2023\/12\/img_1183-scaled.jpeg","contentUrl":"https:\/\/alpakarancslovenija.si\/wp-content\/uploads\/2023\/12\/img_1183-scaled.jpeg","width":1920,"height":2560},{"@type":"BreadcrumbList","@id":"https:\/\/alpakarancslovenija.si\/product\/polsteno-milo\/#breadcrumb","itemListElement":[{"@type":"ListItem","position":1,"name":"Home","item":"https:\/\/alpakarancslovenija.si\/"},{"@type":"ListItem","position":2,"name":"Izdelki","item":"https:\/\/alpakarancslovenija.si\/shop\/"},{"@type":"ListItem","position":3,"name":"Polsteno milo"}]},{"@type":"WebSite","@id":"https:\/\/alpakarancslovenija.si\/#website","url":"https:\/\/alpakarancslovenija.si\/","name":"Alpaka Ran\u010d Slovenija","description":"Dobrodo\u0161li na Alpaka Ran\u010d","publisher":{"@id":"https:\/\/alpakarancslovenija.si\/#organization"},"potentialAction":[{"@type":"SearchAction","target":{"@type":"EntryPoint","urlTemplate":"https:\/\/alpakarancslovenija.si\/?s={search_term_string}"},"query-input":{"@type":"PropertyValueSpecification","valueRequired":true,"valueName":"search_term_string"}}],"inLanguage":"en-GB"},{"@type":"Organization","@id":"https:\/\/alpakarancslovenija.si\/#organization","name":"Alpaka Ran\u010d Slovenija","url":"https:\/\/alpakarancslovenija.si\/","logo":{"@type":"ImageObject","inLanguage":"en-GB","@id":"https:\/\/alpakarancslovenija.si\/#\/schema\/logo\/image\/","url":"https:\/\/alpakarancslovenija.si\/wp-content\/uploads\/2023\/02\/image_6487327.jpg","contentUrl":"https:\/\/alpakarancslovenija.si\/wp-content\/uploads\/2023\/02\/image_6487327.jpg","width":1024,"height":1001,"caption":"Alpaka Ran\u010d Slovenija"},"image":{"@id":"https:\/\/alpakarancslovenija.si\/#\/schema\/logo\/image\/"},"sameAs":["https:\/\/www.facebook.com\/profile.php?id=100078150129890","https:\/\/www.instagram.com\/alpakarancslovenija\/"]}]}},"_links":{"self":[{"href":"https:\/\/alpakarancslovenija.si\/en\/wp-json\/wp\/v2\/product\/1337","targetHints":{"allow":["GET"]}}],"collection":[{"href":"https:\/\/alpakarancslovenija.si\/en\/wp-json\/wp\/v2\/product"}],"about":[{"href":"https:\/\/alpakarancslovenija.si\/en\/wp-json\/wp\/v2\/types\/product"}],"wp:featuredmedia":[{"embeddable":true,"href":"https:\/\/alpakarancslovenija.si\/en\/wp-json\/wp\/v2\/media\/1340"}],"wp:attachment":[{"href":"https:\/\/alpakarancslovenija.si\/en\/wp-json\/wp\/v2\/media?parent=1337"}],"wp:term":[{"taxonomy":"product_brand","embeddable":true,"href":"https:\/\/alpakarancslovenija.si\/en\/wp-json\/wp\/v2\/product_brand?post=1337"},{"taxonomy":"product_cat","embeddable":true,"href":"https:\/\/alpakarancslovenija.si\/en\/wp-json\/wp\/v2\/product_cat?post=1337"},{"taxonomy":"product_tag","embeddable":true,"href":"https:\/\/alpakarancslovenija.si\/en\/wp-json\/wp\/v2\/product_tag?post=1337"}],"curies":[{"name":"wp","href":"https:\/\/api.w.org\/{rel}","templated":true}]}}