{"id":1489,"date":"2024-10-12T16:01:36","date_gmt":"2024-10-12T16:01:36","guid":{"rendered":"https:\/\/alpakarancslovenija.si\/product\/alpaka-dlaka-vlakna-za-filcanje-50g\/"},"modified":"2026-01-07T13:59:02","modified_gmt":"2026-01-07T13:59:02","slug":"alpaka-dlaka-vlakna-za-filcanje-50g","status":"publish","type":"product","link":"https:\/\/alpakarancslovenija.si\/en\/product\/alpaka-dlaka-vlakna-za-filcanje-50g\/","title":{"rendered":"Alpaka dlaka\/vlakna za filcanje 50g"},"content":{"rendered":"<p>Vlakna alpake so mehka, vzdr\u017eljiva, ne vsebujejo lanolina in so vodoodporna ter negorljiva. Volna alpak je toplej\u0161a od ov\u010dje volne in ne pika. Primerna je za predenje in filcanje\/polstenje ali ostale ro\u010dne umetnosti.<\/p>\n<p>Vlakna alpake so hipoalergena in popolna za tiste z ob\u010dutljivo ko\u017eo. Lahko se uporabljajo v kozmetiki kot izdelek polstenega mila, ki se uporablja za alpaka piling.<\/p>\n<p>Ker dlaka alpak ne vsebuje lanolina ima prijeten ugoden vonj.<\/p>\n<p>Dlaka je 100% naravni produkt na\u0161ih alpak, ki ga pridobimo pri samem stri\u017eenju.<\/p>\n<p>Na voljo je razli\u010dni barvni mix<\/p>\n<p>Po dogovoru mogo\u010d nakup tudi samo \u010drne,bele ali rjave dlake\/vlaken<\/p>\n<p>V paketku je 50g vlaken<\/p>\n<p>(obstaja tudi kak\u0161na vsebnost organskega odpadka, trava, seno).<\/p>","protected":false},"excerpt":{"rendered":"<p>Vlakna alpake so mehka, vzdr\u017eljiva, ne vsebujejo lanolina in so vodoodporna ter negorljiva. Volna alpak je toplej\u0161a od ov\u010dje volne in ne pika. Primerna je za predenje in filcanje\/polstenje ali ostale ro\u010dne umetnosti. Vlakna alpake so hipoalergena in popolna za tiste z ob\u010dutljivo ko\u017eo. Lahko se uporabljajo v kozmetiki kot izdelek polstenega mila, ki se [&hellip;]<\/p>","protected":false},"featured_media":1488,"template":"","meta":[],"product_brand":[],"product_cat":[15],"product_tag":[],"class_list":{"0":"post-1489","1":"product","2":"type-product","3":"status-publish","4":"has-post-thumbnail","6":"product_cat-naravniizdelki","7":"grve-entry-item","9":"first","10":"instock","11":"shipping-taxable","12":"purchasable","13":"product-type-simple"},"yoast_head":"<!-- This site is optimized with the Yoast SEO plugin v24.3 - https:\/\/yoast.com\/wordpress\/plugins\/seo\/ -->\n<title>Alpaka dlaka\/vlakna za filcanje 50g - Alpaka Ran\u010d Slovenija<\/title>\n<meta name=\"robots\" content=\"index, follow, max-snippet:-1, max-image-preview:large, max-video-preview:-1\" \/>\n<link rel=\"canonical\" href=\"https:\/\/alpakarancslovenija.si\/en\/product\/alpaka-dlaka-vlakna-za-filcanje-50g\/\" \/>\n<meta property=\"og:locale\" content=\"en_GB\" \/>\n<meta property=\"og:type\" content=\"article\" \/>\n<meta property=\"og:title\" content=\"Alpaka dlaka\/vlakna za filcanje 50g - Alpaka Ran\u010d Slovenija\" \/>\n<meta property=\"og:description\" content=\"Vlakna alpake so mehka, vzdr\u017eljiva, ne vsebujejo lanolina in so vodoodporna ter negorljiva. Volna alpak je toplej\u0161a od ov\u010dje volne in ne pika. Primerna je za predenje in filcanje\/polstenje ali ostale ro\u010dne umetnosti. Vlakna alpake so hipoalergena in popolna za tiste z ob\u010dutljivo ko\u017eo. Lahko se uporabljajo v kozmetiki kot izdelek polstenega mila, ki se [&hellip;]\" \/>\n<meta property=\"og:url\" content=\"https:\/\/alpakarancslovenija.si\/en\/product\/alpaka-dlaka-vlakna-za-filcanje-50g\/\" \/>\n<meta property=\"og:site_name\" content=\"Alpaka Ran\u010d Slovenija\" \/>\n<meta property=\"article:publisher\" content=\"https:\/\/www.facebook.com\/profile.php?id=100078150129890\" \/>\n<meta property=\"article:modified_time\" content=\"2026-01-07T13:59:02+00:00\" \/>\n<meta property=\"og:image\" content=\"https:\/\/alpakarancslovenija.si\/wp-content\/uploads\/2024\/10\/img_4686-scaled.jpeg\" \/>\n\t<meta property=\"og:image:width\" content=\"1920\" \/>\n\t<meta property=\"og:image:height\" content=\"2560\" \/>\n\t<meta property=\"og:image:type\" content=\"image\/jpeg\" \/>\n<meta name=\"twitter:card\" content=\"summary_large_image\" \/>\n<meta name=\"twitter:label1\" content=\"Estimated reading time\" \/>\n\t<meta name=\"twitter:data1\" content=\"1 minute\" \/>\n<script type=\"application\/ld+json\" class=\"yoast-schema-graph\">{\"@context\":\"https:\/\/schema.org\",\"@graph\":[{\"@type\":\"WebPage\",\"@id\":\"https:\/\/alpakarancslovenija.si\/product\/alpaka-dlaka-vlakna-za-filcanje-50g\/\",\"url\":\"https:\/\/alpakarancslovenija.si\/product\/alpaka-dlaka-vlakna-za-filcanje-50g\/\",\"name\":\"Alpaka dlaka\/vlakna za filcanje 50g - Alpaka Ran\u010d Slovenija\",\"isPartOf\":{\"@id\":\"https:\/\/alpakarancslovenija.si\/#website\"},\"primaryImageOfPage\":{\"@id\":\"https:\/\/alpakarancslovenija.si\/product\/alpaka-dlaka-vlakna-za-filcanje-50g\/#primaryimage\"},\"image\":{\"@id\":\"https:\/\/alpakarancslovenija.si\/product\/alpaka-dlaka-vlakna-za-filcanje-50g\/#primaryimage\"},\"thumbnailUrl\":\"https:\/\/alpakarancslovenija.si\/wp-content\/uploads\/2024\/10\/img_4686-scaled.jpeg\",\"datePublished\":\"2024-10-12T16:01:36+00:00\",\"dateModified\":\"2026-01-07T13:59:02+00:00\",\"breadcrumb\":{\"@id\":\"https:\/\/alpakarancslovenija.si\/product\/alpaka-dlaka-vlakna-za-filcanje-50g\/#breadcrumb\"},\"inLanguage\":\"en-GB\",\"potentialAction\":[{\"@type\":\"ReadAction\",\"target\":[\"https:\/\/alpakarancslovenija.si\/product\/alpaka-dlaka-vlakna-za-filcanje-50g\/\"]}]},{\"@type\":\"ImageObject\",\"inLanguage\":\"en-GB\",\"@id\":\"https:\/\/alpakarancslovenija.si\/product\/alpaka-dlaka-vlakna-za-filcanje-50g\/#primaryimage\",\"url\":\"https:\/\/alpakarancslovenija.si\/wp-content\/uploads\/2024\/10\/img_4686-scaled.jpeg\",\"contentUrl\":\"https:\/\/alpakarancslovenija.si\/wp-content\/uploads\/2024\/10\/img_4686-scaled.jpeg\",\"width\":1920,\"height\":2560},{\"@type\":\"BreadcrumbList\",\"@id\":\"https:\/\/alpakarancslovenija.si\/product\/alpaka-dlaka-vlakna-za-filcanje-50g\/#breadcrumb\",\"itemListElement\":[{\"@type\":\"ListItem\",\"position\":1,\"name\":\"Home\",\"item\":\"https:\/\/alpakarancslovenija.si\/\"},{\"@type\":\"ListItem\",\"position\":2,\"name\":\"Izdelki\",\"item\":\"https:\/\/alpakarancslovenija.si\/shop\/\"},{\"@type\":\"ListItem\",\"position\":3,\"name\":\"Alpaka dlaka\/vlakna za filcanje 50g\"}]},{\"@type\":\"WebSite\",\"@id\":\"https:\/\/alpakarancslovenija.si\/#website\",\"url\":\"https:\/\/alpakarancslovenija.si\/\",\"name\":\"Alpaka Ran\u010d Slovenija\",\"description\":\"Dobrodo\u0161li na Alpaka Ran\u010d\",\"publisher\":{\"@id\":\"https:\/\/alpakarancslovenija.si\/#organization\"},\"potentialAction\":[{\"@type\":\"SearchAction\",\"target\":{\"@type\":\"EntryPoint\",\"urlTemplate\":\"https:\/\/alpakarancslovenija.si\/?s={search_term_string}\"},\"query-input\":{\"@type\":\"PropertyValueSpecification\",\"valueRequired\":true,\"valueName\":\"search_term_string\"}}],\"inLanguage\":\"en-GB\"},{\"@type\":\"Organization\",\"@id\":\"https:\/\/alpakarancslovenija.si\/#organization\",\"name\":\"Alpaka Ran\u010d Slovenija\",\"url\":\"https:\/\/alpakarancslovenija.si\/\",\"logo\":{\"@type\":\"ImageObject\",\"inLanguage\":\"en-GB\",\"@id\":\"https:\/\/alpakarancslovenija.si\/#\/schema\/logo\/image\/\",\"url\":\"https:\/\/alpakarancslovenija.si\/wp-content\/uploads\/2023\/02\/image_6487327.jpg\",\"contentUrl\":\"https:\/\/alpakarancslovenija.si\/wp-content\/uploads\/2023\/02\/image_6487327.jpg\",\"width\":1024,\"height\":1001,\"caption\":\"Alpaka Ran\u010d Slovenija\"},\"image\":{\"@id\":\"https:\/\/alpakarancslovenija.si\/#\/schema\/logo\/image\/\"},\"sameAs\":[\"https:\/\/www.facebook.com\/profile.php?id=100078150129890\",\"https:\/\/www.instagram.com\/alpakarancslovenija\/\"]}]}<\/script>\n<!-- \/ Yoast SEO plugin. -->","yoast_head_json":{"title":"Alpaka dlaka\/vlakna za filcanje 50g - Alpaka Ran\u010d Slovenija","robots":{"index":"index","follow":"follow","max-snippet":"max-snippet:-1","max-image-preview":"max-image-preview:large","max-video-preview":"max-video-preview:-1"},"canonical":"https:\/\/alpakarancslovenija.si\/en\/product\/alpaka-dlaka-vlakna-za-filcanje-50g\/","og_locale":"en_GB","og_type":"article","og_title":"Alpaka dlaka\/vlakna za filcanje 50g - Alpaka Ran\u010d Slovenija","og_description":"Vlakna alpake so mehka, vzdr\u017eljiva, ne vsebujejo lanolina in so vodoodporna ter negorljiva. Volna alpak je toplej\u0161a od ov\u010dje volne in ne pika. Primerna je za predenje in filcanje\/polstenje ali ostale ro\u010dne umetnosti. Vlakna alpake so hipoalergena in popolna za tiste z ob\u010dutljivo ko\u017eo. Lahko se uporabljajo v kozmetiki kot izdelek polstenega mila, ki se [&hellip;]","og_url":"https:\/\/alpakarancslovenija.si\/en\/product\/alpaka-dlaka-vlakna-za-filcanje-50g\/","og_site_name":"Alpaka Ran\u010d Slovenija","article_publisher":"https:\/\/www.facebook.com\/profile.php?id=100078150129890","article_modified_time":"2026-01-07T13:59:02+00:00","og_image":[{"width":1920,"height":2560,"url":"https:\/\/alpakarancslovenija.si\/wp-content\/uploads\/2024\/10\/img_4686-scaled.jpeg","type":"image\/jpeg"}],"twitter_card":"summary_large_image","twitter_misc":{"Estimated reading time":"1 minute"},"schema":{"@context":"https:\/\/schema.org","@graph":[{"@type":"WebPage","@id":"https:\/\/alpakarancslovenija.si\/product\/alpaka-dlaka-vlakna-za-filcanje-50g\/","url":"https:\/\/alpakarancslovenija.si\/product\/alpaka-dlaka-vlakna-za-filcanje-50g\/","name":"Alpaka dlaka\/vlakna za filcanje 50g - Alpaka Ran\u010d Slovenija","isPartOf":{"@id":"https:\/\/alpakarancslovenija.si\/#website"},"primaryImageOfPage":{"@id":"https:\/\/alpakarancslovenija.si\/product\/alpaka-dlaka-vlakna-za-filcanje-50g\/#primaryimage"},"image":{"@id":"https:\/\/alpakarancslovenija.si\/product\/alpaka-dlaka-vlakna-za-filcanje-50g\/#primaryimage"},"thumbnailUrl":"https:\/\/alpakarancslovenija.si\/wp-content\/uploads\/2024\/10\/img_4686-scaled.jpeg","datePublished":"2024-10-12T16:01:36+00:00","dateModified":"2026-01-07T13:59:02+00:00","breadcrumb":{"@id":"https:\/\/alpakarancslovenija.si\/product\/alpaka-dlaka-vlakna-za-filcanje-50g\/#breadcrumb"},"inLanguage":"en-GB","potentialAction":[{"@type":"ReadAction","target":["https:\/\/alpakarancslovenija.si\/product\/alpaka-dlaka-vlakna-za-filcanje-50g\/"]}]},{"@type":"ImageObject","inLanguage":"en-GB","@id":"https:\/\/alpakarancslovenija.si\/product\/alpaka-dlaka-vlakna-za-filcanje-50g\/#primaryimage","url":"https:\/\/alpakarancslovenija.si\/wp-content\/uploads\/2024\/10\/img_4686-scaled.jpeg","contentUrl":"https:\/\/alpakarancslovenija.si\/wp-content\/uploads\/2024\/10\/img_4686-scaled.jpeg","width":1920,"height":2560},{"@type":"BreadcrumbList","@id":"https:\/\/alpakarancslovenija.si\/product\/alpaka-dlaka-vlakna-za-filcanje-50g\/#breadcrumb","itemListElement":[{"@type":"ListItem","position":1,"name":"Home","item":"https:\/\/alpakarancslovenija.si\/"},{"@type":"ListItem","position":2,"name":"Izdelki","item":"https:\/\/alpakarancslovenija.si\/shop\/"},{"@type":"ListItem","position":3,"name":"Alpaka dlaka\/vlakna za filcanje 50g"}]},{"@type":"WebSite","@id":"https:\/\/alpakarancslovenija.si\/#website","url":"https:\/\/alpakarancslovenija.si\/","name":"Alpaka Ran\u010d Slovenija","description":"Dobrodo\u0161li na Alpaka Ran\u010d","publisher":{"@id":"https:\/\/alpakarancslovenija.si\/#organization"},"potentialAction":[{"@type":"SearchAction","target":{"@type":"EntryPoint","urlTemplate":"https:\/\/alpakarancslovenija.si\/?s={search_term_string}"},"query-input":{"@type":"PropertyValueSpecification","valueRequired":true,"valueName":"search_term_string"}}],"inLanguage":"en-GB"},{"@type":"Organization","@id":"https:\/\/alpakarancslovenija.si\/#organization","name":"Alpaka Ran\u010d Slovenija","url":"https:\/\/alpakarancslovenija.si\/","logo":{"@type":"ImageObject","inLanguage":"en-GB","@id":"https:\/\/alpakarancslovenija.si\/#\/schema\/logo\/image\/","url":"https:\/\/alpakarancslovenija.si\/wp-content\/uploads\/2023\/02\/image_6487327.jpg","contentUrl":"https:\/\/alpakarancslovenija.si\/wp-content\/uploads\/2023\/02\/image_6487327.jpg","width":1024,"height":1001,"caption":"Alpaka Ran\u010d Slovenija"},"image":{"@id":"https:\/\/alpakarancslovenija.si\/#\/schema\/logo\/image\/"},"sameAs":["https:\/\/www.facebook.com\/profile.php?id=100078150129890","https:\/\/www.instagram.com\/alpakarancslovenija\/"]}]}},"_links":{"self":[{"href":"https:\/\/alpakarancslovenija.si\/en\/wp-json\/wp\/v2\/product\/1489","targetHints":{"allow":["GET"]}}],"collection":[{"href":"https:\/\/alpakarancslovenija.si\/en\/wp-json\/wp\/v2\/product"}],"about":[{"href":"https:\/\/alpakarancslovenija.si\/en\/wp-json\/wp\/v2\/types\/product"}],"wp:featuredmedia":[{"embeddable":true,"href":"https:\/\/alpakarancslovenija.si\/en\/wp-json\/wp\/v2\/media\/1488"}],"wp:attachment":[{"href":"https:\/\/alpakarancslovenija.si\/en\/wp-json\/wp\/v2\/media?parent=1489"}],"wp:term":[{"taxonomy":"product_brand","embeddable":true,"href":"https:\/\/alpakarancslovenija.si\/en\/wp-json\/wp\/v2\/product_brand?post=1489"},{"taxonomy":"product_cat","embeddable":true,"href":"https:\/\/alpakarancslovenija.si\/en\/wp-json\/wp\/v2\/product_cat?post=1489"},{"taxonomy":"product_tag","embeddable":true,"href":"https:\/\/alpakarancslovenija.si\/en\/wp-json\/wp\/v2\/product_tag?post=1489"}],"curies":[{"name":"wp","href":"https:\/\/api.w.org\/{rel}","templated":true}]}}