{"id":2056,"date":"2025-09-22T16:45:42","date_gmt":"2025-09-22T16:45:42","guid":{"rendered":"https:\/\/alpakarancslovenija.si\/product\/naglavni-trak-100-baby-alpaka-rjava\/"},"modified":"2025-12-29T11:09:57","modified_gmt":"2025-12-29T11:09:57","slug":"naglavni-trak-100-baby-alpaka-rjava","status":"publish","type":"product","link":"https:\/\/alpakarancslovenija.si\/en\/product\/naglavni-trak-100-baby-alpaka-rjava\/","title":{"rendered":"Zimska kapa 100% baby alpaka &#8211; pe\u0161\u010deno siva s cofom"},"content":{"rendered":"<p style=\"margin: 0px 0px 30px;padding: 0px;border: 0px;font-style: normal;font-weight: 400;font-size: 18px;line-height: inherit;font-family: Poppins;vertical-align: baseline;position: relative;letter-spacing: normal;text-align: start;text-indent: 0px;text-transform: none;text-decoration: none\">Naglavna kapa iz 100% volne alpak.<\/p>\n<p style=\"margin: 0px 0px 30px;padding: 0px;border: 0px;font-style: normal;font-weight: 400;font-size: 18px;line-height: inherit;font-family: Poppins;vertical-align: baseline;position: relative;letter-spacing: normal;text-align: start;text-indent: 0px;text-transform: none;text-decoration: none\">Pletenine so ro\u010dno izdelane in unikatne izpod rok na\u0161e babice.<\/p>\n<p style=\"margin: 0px 0px 30px;padding: 0px;border: 0px;font-style: normal;font-weight: 400;font-size: 18px;line-height: inherit;font-family: Poppins;vertical-align: baseline;position: relative;letter-spacing: normal;text-align: start;text-indent: 0px;text-transform: none;text-decoration: none\">Na voljo kapa vidna na sliki. Ena velikost ustreza vsem. Kapa pletena iz najbolj\u0161e kvalitete alpaka volne.<\/p>\n<p style=\"margin: 0px 0px 30px;padding: 0px;border: 0px;font-style: normal;font-weight: 400;font-size: 18px;line-height: inherit;font-family: Poppins;vertical-align: baseline;position: relative;letter-spacing: normal;text-align: start;text-indent: 0px;text-transform: none;text-decoration: none\">Vlakna alpak so mehka in odli\u010dno zadr\u017eujejo toploto. Ne gorijo, ne vsebujejo lanolina in ne povzro\u010dajo alergij. Volna je naravno hipoalergena. Zaradi svojih lastnosti, so vlakna alpak primerna za ljudi z alergijami, dermatitisom ali za tiste z ob\u010dutljivo ko\u017eo.<\/p>\n<p style=\"margin: 0px 0px 30px;padding: 0px;border: 0px;font-style: normal;font-weight: 400;font-size: 18px;line-height: inherit;font-family: Poppins;vertical-align: baseline;position: relative;letter-spacing: normal;text-align: start;text-indent: 0px;text-transform: none;text-decoration: none\">Navodila za nego\/pranje:<\/p>\n<p style=\"margin: 0px 0px 30px;padding: 0px;border: 0px;font-style: normal;font-weight: 400;font-size: 18px;line-height: inherit;font-family: Poppins;vertical-align: baseline;position: relative;letter-spacing: normal;text-align: start;text-indent: 0px;text-transform: none;text-decoration: none\">Za najbolj\u0161e rezultate, kapo ne\u017eno in ro\u010dno operite v mla\u010dni vodi, polo\u017eite na ravno povr\u0161ino, da se posu\u0161i in ohrani lepo obliko.<\/p>\n<p style=\"margin: 0px;padding: 0px;border: 0px;font-style: normal;font-weight: 400;font-size: 18px;line-height: inherit;font-family: Poppins;vertical-align: baseline;position: relative;letter-spacing: normal;text-align: start;text-indent: 0px;text-transform: none;text-decoration: none\">Volnenih izdelkov ne belite, ne likajte in ne \u010distite kemi\u010dno<\/p>","protected":false},"excerpt":{"rendered":"<p>Naglavna kapa iz 100% volne alpak. Pletenine so ro\u010dno izdelane in unikatne izpod rok na\u0161e babice. Na voljo kapa vidna na sliki. Ena velikost ustreza vsem. Kapa pletena iz najbolj\u0161e kvalitete alpaka volne. Vlakna alpak so mehka in odli\u010dno zadr\u017eujejo toploto. Ne gorijo, ne vsebujejo lanolina in ne povzro\u010dajo alergij. Volna je naravno hipoalergena. Zaradi [&hellip;]<\/p>","protected":false},"featured_media":2228,"template":"","meta":[],"product_brand":[],"product_cat":[15],"product_tag":[],"class_list":{"0":"post-2056","1":"product","2":"type-product","3":"status-publish","4":"has-post-thumbnail","6":"product_cat-naravniizdelki","7":"grve-entry-item","9":"first","10":"instock","11":"shipping-taxable","12":"purchasable","13":"product-type-simple"},"yoast_head":"<!-- This site is optimized with the Yoast SEO plugin v24.3 - https:\/\/yoast.com\/wordpress\/plugins\/seo\/ -->\n<title>Zimska kapa 100% baby alpaka - pe\u0161\u010deno siva s cofom - Alpaka Ran\u010d Slovenija<\/title>\n<meta name=\"robots\" content=\"index, follow, max-snippet:-1, max-image-preview:large, max-video-preview:-1\" \/>\n<link rel=\"canonical\" href=\"https:\/\/alpakarancslovenija.si\/en\/product\/naglavni-trak-100-baby-alpaka-rjava\/\" \/>\n<meta property=\"og:locale\" content=\"en_GB\" \/>\n<meta property=\"og:type\" content=\"article\" \/>\n<meta property=\"og:title\" content=\"Zimska kapa 100% baby alpaka - pe\u0161\u010deno siva s cofom - Alpaka Ran\u010d Slovenija\" \/>\n<meta property=\"og:description\" content=\"Naglavna kapa iz 100% volne alpak. Pletenine so ro\u010dno izdelane in unikatne izpod rok na\u0161e babice. Na voljo kapa vidna na sliki. Ena velikost ustreza vsem. Kapa pletena iz najbolj\u0161e kvalitete alpaka volne. Vlakna alpak so mehka in odli\u010dno zadr\u017eujejo toploto. Ne gorijo, ne vsebujejo lanolina in ne povzro\u010dajo alergij. Volna je naravno hipoalergena. Zaradi [&hellip;]\" \/>\n<meta property=\"og:url\" content=\"https:\/\/alpakarancslovenija.si\/en\/product\/naglavni-trak-100-baby-alpaka-rjava\/\" \/>\n<meta property=\"og:site_name\" content=\"Alpaka Ran\u010d Slovenija\" \/>\n<meta property=\"article:publisher\" content=\"https:\/\/www.facebook.com\/profile.php?id=100078150129890\" \/>\n<meta property=\"article:modified_time\" content=\"2025-12-29T11:09:57+00:00\" \/>\n<meta property=\"og:image\" content=\"https:\/\/alpakarancslovenija.si\/wp-content\/uploads\/2025\/09\/img_2031_jpg-scaled.jpeg\" \/>\n\t<meta property=\"og:image:width\" content=\"1920\" \/>\n\t<meta property=\"og:image:height\" content=\"2560\" \/>\n\t<meta property=\"og:image:type\" content=\"image\/jpeg\" \/>\n<meta name=\"twitter:card\" content=\"summary_large_image\" \/>\n<meta name=\"twitter:label1\" content=\"Estimated reading time\" \/>\n\t<meta name=\"twitter:data1\" content=\"1 minute\" \/>\n<script type=\"application\/ld+json\" class=\"yoast-schema-graph\">{\"@context\":\"https:\/\/schema.org\",\"@graph\":[{\"@type\":\"WebPage\",\"@id\":\"https:\/\/alpakarancslovenija.si\/product\/naglavni-trak-100-baby-alpaka-rjava\/\",\"url\":\"https:\/\/alpakarancslovenija.si\/product\/naglavni-trak-100-baby-alpaka-rjava\/\",\"name\":\"Zimska kapa 100% baby alpaka - pe\u0161\u010deno siva s cofom - Alpaka Ran\u010d Slovenija\",\"isPartOf\":{\"@id\":\"https:\/\/alpakarancslovenija.si\/#website\"},\"primaryImageOfPage\":{\"@id\":\"https:\/\/alpakarancslovenija.si\/product\/naglavni-trak-100-baby-alpaka-rjava\/#primaryimage\"},\"image\":{\"@id\":\"https:\/\/alpakarancslovenija.si\/product\/naglavni-trak-100-baby-alpaka-rjava\/#primaryimage\"},\"thumbnailUrl\":\"https:\/\/alpakarancslovenija.si\/wp-content\/uploads\/2025\/09\/img_2351-scaled.jpeg\",\"datePublished\":\"2025-09-22T16:45:42+00:00\",\"dateModified\":\"2025-12-29T11:09:57+00:00\",\"breadcrumb\":{\"@id\":\"https:\/\/alpakarancslovenija.si\/product\/naglavni-trak-100-baby-alpaka-rjava\/#breadcrumb\"},\"inLanguage\":\"en-GB\",\"potentialAction\":[{\"@type\":\"ReadAction\",\"target\":[\"https:\/\/alpakarancslovenija.si\/product\/naglavni-trak-100-baby-alpaka-rjava\/\"]}]},{\"@type\":\"ImageObject\",\"inLanguage\":\"en-GB\",\"@id\":\"https:\/\/alpakarancslovenija.si\/product\/naglavni-trak-100-baby-alpaka-rjava\/#primaryimage\",\"url\":\"https:\/\/alpakarancslovenija.si\/wp-content\/uploads\/2025\/09\/img_2351-scaled.jpeg\",\"contentUrl\":\"https:\/\/alpakarancslovenija.si\/wp-content\/uploads\/2025\/09\/img_2351-scaled.jpeg\",\"width\":1920,\"height\":2560},{\"@type\":\"BreadcrumbList\",\"@id\":\"https:\/\/alpakarancslovenija.si\/product\/naglavni-trak-100-baby-alpaka-rjava\/#breadcrumb\",\"itemListElement\":[{\"@type\":\"ListItem\",\"position\":1,\"name\":\"Home\",\"item\":\"https:\/\/alpakarancslovenija.si\/\"},{\"@type\":\"ListItem\",\"position\":2,\"name\":\"Izdelki\",\"item\":\"https:\/\/alpakarancslovenija.si\/shop\/\"},{\"@type\":\"ListItem\",\"position\":3,\"name\":\"Zimska kapa 100% baby alpaka &#8211; pe\u0161\u010deno siva s cofom\"}]},{\"@type\":\"WebSite\",\"@id\":\"https:\/\/alpakarancslovenija.si\/#website\",\"url\":\"https:\/\/alpakarancslovenija.si\/\",\"name\":\"Alpaka Ran\u010d Slovenija\",\"description\":\"Dobrodo\u0161li na Alpaka Ran\u010d\",\"publisher\":{\"@id\":\"https:\/\/alpakarancslovenija.si\/#organization\"},\"potentialAction\":[{\"@type\":\"SearchAction\",\"target\":{\"@type\":\"EntryPoint\",\"urlTemplate\":\"https:\/\/alpakarancslovenija.si\/?s={search_term_string}\"},\"query-input\":{\"@type\":\"PropertyValueSpecification\",\"valueRequired\":true,\"valueName\":\"search_term_string\"}}],\"inLanguage\":\"en-GB\"},{\"@type\":\"Organization\",\"@id\":\"https:\/\/alpakarancslovenija.si\/#organization\",\"name\":\"Alpaka Ran\u010d Slovenija\",\"url\":\"https:\/\/alpakarancslovenija.si\/\",\"logo\":{\"@type\":\"ImageObject\",\"inLanguage\":\"en-GB\",\"@id\":\"https:\/\/alpakarancslovenija.si\/#\/schema\/logo\/image\/\",\"url\":\"https:\/\/alpakarancslovenija.si\/wp-content\/uploads\/2023\/02\/image_6487327.jpg\",\"contentUrl\":\"https:\/\/alpakarancslovenija.si\/wp-content\/uploads\/2023\/02\/image_6487327.jpg\",\"width\":1024,\"height\":1001,\"caption\":\"Alpaka Ran\u010d Slovenija\"},\"image\":{\"@id\":\"https:\/\/alpakarancslovenija.si\/#\/schema\/logo\/image\/\"},\"sameAs\":[\"https:\/\/www.facebook.com\/profile.php?id=100078150129890\",\"https:\/\/www.instagram.com\/alpakarancslovenija\/\"]}]}<\/script>\n<!-- \/ Yoast SEO plugin. -->","yoast_head_json":{"title":"Zimska kapa 100% baby alpaka - pe\u0161\u010deno siva s cofom - Alpaka Ran\u010d Slovenija","robots":{"index":"index","follow":"follow","max-snippet":"max-snippet:-1","max-image-preview":"max-image-preview:large","max-video-preview":"max-video-preview:-1"},"canonical":"https:\/\/alpakarancslovenija.si\/en\/product\/naglavni-trak-100-baby-alpaka-rjava\/","og_locale":"en_GB","og_type":"article","og_title":"Zimska kapa 100% baby alpaka - pe\u0161\u010deno siva s cofom - Alpaka Ran\u010d Slovenija","og_description":"Naglavna kapa iz 100% volne alpak. Pletenine so ro\u010dno izdelane in unikatne izpod rok na\u0161e babice. Na voljo kapa vidna na sliki. Ena velikost ustreza vsem. Kapa pletena iz najbolj\u0161e kvalitete alpaka volne. Vlakna alpak so mehka in odli\u010dno zadr\u017eujejo toploto. Ne gorijo, ne vsebujejo lanolina in ne povzro\u010dajo alergij. Volna je naravno hipoalergena. Zaradi [&hellip;]","og_url":"https:\/\/alpakarancslovenija.si\/en\/product\/naglavni-trak-100-baby-alpaka-rjava\/","og_site_name":"Alpaka Ran\u010d Slovenija","article_publisher":"https:\/\/www.facebook.com\/profile.php?id=100078150129890","article_modified_time":"2025-12-29T11:09:57+00:00","og_image":[{"width":1920,"height":2560,"url":"https:\/\/alpakarancslovenija.si\/wp-content\/uploads\/2025\/09\/img_2031_jpg-scaled.jpeg","type":"image\/jpeg"}],"twitter_card":"summary_large_image","twitter_misc":{"Estimated reading time":"1 minute"},"schema":{"@context":"https:\/\/schema.org","@graph":[{"@type":"WebPage","@id":"https:\/\/alpakarancslovenija.si\/product\/naglavni-trak-100-baby-alpaka-rjava\/","url":"https:\/\/alpakarancslovenija.si\/product\/naglavni-trak-100-baby-alpaka-rjava\/","name":"Zimska kapa 100% baby alpaka - pe\u0161\u010deno siva s cofom - Alpaka Ran\u010d Slovenija","isPartOf":{"@id":"https:\/\/alpakarancslovenija.si\/#website"},"primaryImageOfPage":{"@id":"https:\/\/alpakarancslovenija.si\/product\/naglavni-trak-100-baby-alpaka-rjava\/#primaryimage"},"image":{"@id":"https:\/\/alpakarancslovenija.si\/product\/naglavni-trak-100-baby-alpaka-rjava\/#primaryimage"},"thumbnailUrl":"https:\/\/alpakarancslovenija.si\/wp-content\/uploads\/2025\/09\/img_2351-scaled.jpeg","datePublished":"2025-09-22T16:45:42+00:00","dateModified":"2025-12-29T11:09:57+00:00","breadcrumb":{"@id":"https:\/\/alpakarancslovenija.si\/product\/naglavni-trak-100-baby-alpaka-rjava\/#breadcrumb"},"inLanguage":"en-GB","potentialAction":[{"@type":"ReadAction","target":["https:\/\/alpakarancslovenija.si\/product\/naglavni-trak-100-baby-alpaka-rjava\/"]}]},{"@type":"ImageObject","inLanguage":"en-GB","@id":"https:\/\/alpakarancslovenija.si\/product\/naglavni-trak-100-baby-alpaka-rjava\/#primaryimage","url":"https:\/\/alpakarancslovenija.si\/wp-content\/uploads\/2025\/09\/img_2351-scaled.jpeg","contentUrl":"https:\/\/alpakarancslovenija.si\/wp-content\/uploads\/2025\/09\/img_2351-scaled.jpeg","width":1920,"height":2560},{"@type":"BreadcrumbList","@id":"https:\/\/alpakarancslovenija.si\/product\/naglavni-trak-100-baby-alpaka-rjava\/#breadcrumb","itemListElement":[{"@type":"ListItem","position":1,"name":"Home","item":"https:\/\/alpakarancslovenija.si\/"},{"@type":"ListItem","position":2,"name":"Izdelki","item":"https:\/\/alpakarancslovenija.si\/shop\/"},{"@type":"ListItem","position":3,"name":"Zimska kapa 100% baby alpaka &#8211; pe\u0161\u010deno siva s cofom"}]},{"@type":"WebSite","@id":"https:\/\/alpakarancslovenija.si\/#website","url":"https:\/\/alpakarancslovenija.si\/","name":"Alpaka Ran\u010d Slovenija","description":"Dobrodo\u0161li na Alpaka Ran\u010d","publisher":{"@id":"https:\/\/alpakarancslovenija.si\/#organization"},"potentialAction":[{"@type":"SearchAction","target":{"@type":"EntryPoint","urlTemplate":"https:\/\/alpakarancslovenija.si\/?s={search_term_string}"},"query-input":{"@type":"PropertyValueSpecification","valueRequired":true,"valueName":"search_term_string"}}],"inLanguage":"en-GB"},{"@type":"Organization","@id":"https:\/\/alpakarancslovenija.si\/#organization","name":"Alpaka Ran\u010d Slovenija","url":"https:\/\/alpakarancslovenija.si\/","logo":{"@type":"ImageObject","inLanguage":"en-GB","@id":"https:\/\/alpakarancslovenija.si\/#\/schema\/logo\/image\/","url":"https:\/\/alpakarancslovenija.si\/wp-content\/uploads\/2023\/02\/image_6487327.jpg","contentUrl":"https:\/\/alpakarancslovenija.si\/wp-content\/uploads\/2023\/02\/image_6487327.jpg","width":1024,"height":1001,"caption":"Alpaka Ran\u010d Slovenija"},"image":{"@id":"https:\/\/alpakarancslovenija.si\/#\/schema\/logo\/image\/"},"sameAs":["https:\/\/www.facebook.com\/profile.php?id=100078150129890","https:\/\/www.instagram.com\/alpakarancslovenija\/"]}]}},"_links":{"self":[{"href":"https:\/\/alpakarancslovenija.si\/en\/wp-json\/wp\/v2\/product\/2056","targetHints":{"allow":["GET"]}}],"collection":[{"href":"https:\/\/alpakarancslovenija.si\/en\/wp-json\/wp\/v2\/product"}],"about":[{"href":"https:\/\/alpakarancslovenija.si\/en\/wp-json\/wp\/v2\/types\/product"}],"wp:featuredmedia":[{"embeddable":true,"href":"https:\/\/alpakarancslovenija.si\/en\/wp-json\/wp\/v2\/media\/2228"}],"wp:attachment":[{"href":"https:\/\/alpakarancslovenija.si\/en\/wp-json\/wp\/v2\/media?parent=2056"}],"wp:term":[{"taxonomy":"product_brand","embeddable":true,"href":"https:\/\/alpakarancslovenija.si\/en\/wp-json\/wp\/v2\/product_brand?post=2056"},{"taxonomy":"product_cat","embeddable":true,"href":"https:\/\/alpakarancslovenija.si\/en\/wp-json\/wp\/v2\/product_cat?post=2056"},{"taxonomy":"product_tag","embeddable":true,"href":"https:\/\/alpakarancslovenija.si\/en\/wp-json\/wp\/v2\/product_tag?post=2056"}],"curies":[{"name":"wp","href":"https:\/\/api.w.org\/{rel}","templated":true}]}}