{"id":2061,"date":"2025-09-22T17:00:28","date_gmt":"2025-09-22T17:00:28","guid":{"rendered":"https:\/\/alpakarancslovenija.si\/product\/darilni-bon-alpaka-ranc-otroci-3-14-leta\/"},"modified":"2025-12-24T21:04:59","modified_gmt":"2025-12-24T21:04:59","slug":"darilni-bon-alpaka-ranc-otroci-3-14-leta","status":"publish","type":"product","link":"https:\/\/alpakarancslovenija.si\/en\/product\/darilni-bon-alpaka-ranc-otroci-3-14-leta\/","title":{"rendered":"Darilni bon alpaka ran\u010d &#8211; otroci (2,99-13,99 leta) &#8211; nakup"},"content":{"rendered":"<p>Darilni bon velja za enega otroka od 2,99 do 13,99. leta starosti. Vklju\u010duje celoten ogled po na\u0161em programu (hranjenje in spoznavanje alpak, delavnico polstenega mila in degustacijski narezek na na\u0161i terasi).<\/p>\n<p>Darilne<strong> bone po\u0161iljamo preko e-maila <\/strong>zato pri dostavi izberete elektronski prevzem &#8211; darilni bon.<\/p>\n<p>Obdarovanec si termin ogleda izbere sam.<\/p>\n<p>Bon velja eno leto od dneva nakupa.<\/p>\n<p>\u0160tevilo oseb prilagodite sami.<\/p>\n<p>Darilni bon prejmete na email v roku 24h<\/p>","protected":false},"excerpt":{"rendered":"<p>Darilni bon velja za enega otroka od 2,99 do 13,99. leta starosti. Vklju\u010duje celoten ogled po na\u0161em programu (hranjenje in spoznavanje alpak, delavnico polstenega mila in degustacijski narezek na na\u0161i terasi). Darilne bone po\u0161iljamo preko e-maila zato pri dostavi izberete elektronski prevzem &#8211; darilni bon. Obdarovanec si termin ogleda izbere sam. Bon velja eno leto [&hellip;]<\/p>","protected":false},"featured_media":2066,"template":"","meta":[],"product_brand":[],"product_cat":[15],"product_tag":[],"class_list":{"0":"post-2061","1":"product","2":"type-product","3":"status-publish","4":"has-post-thumbnail","6":"product_cat-naravniizdelki","7":"grve-entry-item","9":"first","10":"instock","11":"shipping-taxable","12":"purchasable","13":"product-type-simple"},"yoast_head":"<!-- This site is optimized with the Yoast SEO plugin v24.3 - https:\/\/yoast.com\/wordpress\/plugins\/seo\/ -->\n<title>Darilni bon alpaka ran\u010d - otroci (2,99-13,99 leta) - nakup - Alpaka Ran\u010d Slovenija<\/title>\n<meta name=\"robots\" content=\"index, follow, max-snippet:-1, max-image-preview:large, max-video-preview:-1\" \/>\n<link rel=\"canonical\" href=\"https:\/\/alpakarancslovenija.si\/en\/product\/darilni-bon-alpaka-ranc-otroci-3-14-leta\/\" \/>\n<meta property=\"og:locale\" content=\"en_GB\" \/>\n<meta property=\"og:type\" content=\"article\" \/>\n<meta property=\"og:title\" content=\"Darilni bon alpaka ran\u010d - otroci (2,99-13,99 leta) - nakup - Alpaka Ran\u010d Slovenija\" \/>\n<meta property=\"og:description\" content=\"Darilni bon velja za enega otroka od 2,99 do 13,99. leta starosti. Vklju\u010duje celoten ogled po na\u0161em programu (hranjenje in spoznavanje alpak, delavnico polstenega mila in degustacijski narezek na na\u0161i terasi). Darilne bone po\u0161iljamo preko e-maila zato pri dostavi izberete elektronski prevzem &#8211; darilni bon. Obdarovanec si termin ogleda izbere sam. Bon velja eno leto [&hellip;]\" \/>\n<meta property=\"og:url\" content=\"https:\/\/alpakarancslovenija.si\/en\/product\/darilni-bon-alpaka-ranc-otroci-3-14-leta\/\" \/>\n<meta property=\"og:site_name\" content=\"Alpaka Ran\u010d Slovenija\" \/>\n<meta property=\"article:publisher\" content=\"https:\/\/www.facebook.com\/profile.php?id=100078150129890\" \/>\n<meta property=\"article:modified_time\" content=\"2025-12-24T21:04:59+00:00\" \/>\n<meta property=\"og:image\" content=\"https:\/\/alpakarancslovenija.si\/wp-content\/uploads\/2025\/09\/img_1169.jpeg\" \/>\n\t<meta property=\"og:image:width\" content=\"1179\" \/>\n\t<meta property=\"og:image:height\" content=\"1154\" \/>\n\t<meta property=\"og:image:type\" content=\"image\/jpeg\" \/>\n<meta name=\"twitter:card\" content=\"summary_large_image\" \/>\n<script type=\"application\/ld+json\" class=\"yoast-schema-graph\">{\"@context\":\"https:\/\/schema.org\",\"@graph\":[{\"@type\":\"WebPage\",\"@id\":\"https:\/\/alpakarancslovenija.si\/product\/darilni-bon-alpaka-ranc-otroci-3-14-leta\/\",\"url\":\"https:\/\/alpakarancslovenija.si\/product\/darilni-bon-alpaka-ranc-otroci-3-14-leta\/\",\"name\":\"Darilni bon alpaka ran\u010d - otroci (2,99-13,99 leta) - nakup - Alpaka Ran\u010d Slovenija\",\"isPartOf\":{\"@id\":\"https:\/\/alpakarancslovenija.si\/#website\"},\"primaryImageOfPage\":{\"@id\":\"https:\/\/alpakarancslovenija.si\/product\/darilni-bon-alpaka-ranc-otroci-3-14-leta\/#primaryimage\"},\"image\":{\"@id\":\"https:\/\/alpakarancslovenija.si\/product\/darilni-bon-alpaka-ranc-otroci-3-14-leta\/#primaryimage\"},\"thumbnailUrl\":\"https:\/\/alpakarancslovenija.si\/wp-content\/uploads\/2025\/09\/img_1169.jpeg\",\"datePublished\":\"2025-09-22T17:00:28+00:00\",\"dateModified\":\"2025-12-24T21:04:59+00:00\",\"breadcrumb\":{\"@id\":\"https:\/\/alpakarancslovenija.si\/product\/darilni-bon-alpaka-ranc-otroci-3-14-leta\/#breadcrumb\"},\"inLanguage\":\"en-GB\",\"potentialAction\":[{\"@type\":\"ReadAction\",\"target\":[\"https:\/\/alpakarancslovenija.si\/product\/darilni-bon-alpaka-ranc-otroci-3-14-leta\/\"]}]},{\"@type\":\"ImageObject\",\"inLanguage\":\"en-GB\",\"@id\":\"https:\/\/alpakarancslovenija.si\/product\/darilni-bon-alpaka-ranc-otroci-3-14-leta\/#primaryimage\",\"url\":\"https:\/\/alpakarancslovenija.si\/wp-content\/uploads\/2025\/09\/img_1169.jpeg\",\"contentUrl\":\"https:\/\/alpakarancslovenija.si\/wp-content\/uploads\/2025\/09\/img_1169.jpeg\",\"width\":1179,\"height\":1154,\"caption\":\"Screenshot\"},{\"@type\":\"BreadcrumbList\",\"@id\":\"https:\/\/alpakarancslovenija.si\/product\/darilni-bon-alpaka-ranc-otroci-3-14-leta\/#breadcrumb\",\"itemListElement\":[{\"@type\":\"ListItem\",\"position\":1,\"name\":\"Home\",\"item\":\"https:\/\/alpakarancslovenija.si\/\"},{\"@type\":\"ListItem\",\"position\":2,\"name\":\"Izdelki\",\"item\":\"https:\/\/alpakarancslovenija.si\/shop\/\"},{\"@type\":\"ListItem\",\"position\":3,\"name\":\"Darilni bon alpaka ran\u010d &#8211; otroci (2,99-13,99 leta) &#8211; nakup\"}]},{\"@type\":\"WebSite\",\"@id\":\"https:\/\/alpakarancslovenija.si\/#website\",\"url\":\"https:\/\/alpakarancslovenija.si\/\",\"name\":\"Alpaka Ran\u010d Slovenija\",\"description\":\"Dobrodo\u0161li na Alpaka Ran\u010d\",\"publisher\":{\"@id\":\"https:\/\/alpakarancslovenija.si\/#organization\"},\"potentialAction\":[{\"@type\":\"SearchAction\",\"target\":{\"@type\":\"EntryPoint\",\"urlTemplate\":\"https:\/\/alpakarancslovenija.si\/?s={search_term_string}\"},\"query-input\":{\"@type\":\"PropertyValueSpecification\",\"valueRequired\":true,\"valueName\":\"search_term_string\"}}],\"inLanguage\":\"en-GB\"},{\"@type\":\"Organization\",\"@id\":\"https:\/\/alpakarancslovenija.si\/#organization\",\"name\":\"Alpaka Ran\u010d Slovenija\",\"url\":\"https:\/\/alpakarancslovenija.si\/\",\"logo\":{\"@type\":\"ImageObject\",\"inLanguage\":\"en-GB\",\"@id\":\"https:\/\/alpakarancslovenija.si\/#\/schema\/logo\/image\/\",\"url\":\"https:\/\/alpakarancslovenija.si\/wp-content\/uploads\/2023\/02\/image_6487327.jpg\",\"contentUrl\":\"https:\/\/alpakarancslovenija.si\/wp-content\/uploads\/2023\/02\/image_6487327.jpg\",\"width\":1024,\"height\":1001,\"caption\":\"Alpaka Ran\u010d Slovenija\"},\"image\":{\"@id\":\"https:\/\/alpakarancslovenija.si\/#\/schema\/logo\/image\/\"},\"sameAs\":[\"https:\/\/www.facebook.com\/profile.php?id=100078150129890\",\"https:\/\/www.instagram.com\/alpakarancslovenija\/\"]}]}<\/script>\n<!-- \/ Yoast SEO plugin. -->","yoast_head_json":{"title":"Darilni bon alpaka ran\u010d - otroci (2,99-13,99 leta) - nakup - Alpaka Ran\u010d Slovenija","robots":{"index":"index","follow":"follow","max-snippet":"max-snippet:-1","max-image-preview":"max-image-preview:large","max-video-preview":"max-video-preview:-1"},"canonical":"https:\/\/alpakarancslovenija.si\/en\/product\/darilni-bon-alpaka-ranc-otroci-3-14-leta\/","og_locale":"en_GB","og_type":"article","og_title":"Darilni bon alpaka ran\u010d - otroci (2,99-13,99 leta) - nakup - Alpaka Ran\u010d Slovenija","og_description":"Darilni bon velja za enega otroka od 2,99 do 13,99. leta starosti. Vklju\u010duje celoten ogled po na\u0161em programu (hranjenje in spoznavanje alpak, delavnico polstenega mila in degustacijski narezek na na\u0161i terasi). Darilne bone po\u0161iljamo preko e-maila zato pri dostavi izberete elektronski prevzem &#8211; darilni bon. Obdarovanec si termin ogleda izbere sam. Bon velja eno leto [&hellip;]","og_url":"https:\/\/alpakarancslovenija.si\/en\/product\/darilni-bon-alpaka-ranc-otroci-3-14-leta\/","og_site_name":"Alpaka Ran\u010d Slovenija","article_publisher":"https:\/\/www.facebook.com\/profile.php?id=100078150129890","article_modified_time":"2025-12-24T21:04:59+00:00","og_image":[{"width":1179,"height":1154,"url":"https:\/\/alpakarancslovenija.si\/wp-content\/uploads\/2025\/09\/img_1169.jpeg","type":"image\/jpeg"}],"twitter_card":"summary_large_image","schema":{"@context":"https:\/\/schema.org","@graph":[{"@type":"WebPage","@id":"https:\/\/alpakarancslovenija.si\/product\/darilni-bon-alpaka-ranc-otroci-3-14-leta\/","url":"https:\/\/alpakarancslovenija.si\/product\/darilni-bon-alpaka-ranc-otroci-3-14-leta\/","name":"Darilni bon alpaka ran\u010d - otroci (2,99-13,99 leta) - nakup - Alpaka Ran\u010d Slovenija","isPartOf":{"@id":"https:\/\/alpakarancslovenija.si\/#website"},"primaryImageOfPage":{"@id":"https:\/\/alpakarancslovenija.si\/product\/darilni-bon-alpaka-ranc-otroci-3-14-leta\/#primaryimage"},"image":{"@id":"https:\/\/alpakarancslovenija.si\/product\/darilni-bon-alpaka-ranc-otroci-3-14-leta\/#primaryimage"},"thumbnailUrl":"https:\/\/alpakarancslovenija.si\/wp-content\/uploads\/2025\/09\/img_1169.jpeg","datePublished":"2025-09-22T17:00:28+00:00","dateModified":"2025-12-24T21:04:59+00:00","breadcrumb":{"@id":"https:\/\/alpakarancslovenija.si\/product\/darilni-bon-alpaka-ranc-otroci-3-14-leta\/#breadcrumb"},"inLanguage":"en-GB","potentialAction":[{"@type":"ReadAction","target":["https:\/\/alpakarancslovenija.si\/product\/darilni-bon-alpaka-ranc-otroci-3-14-leta\/"]}]},{"@type":"ImageObject","inLanguage":"en-GB","@id":"https:\/\/alpakarancslovenija.si\/product\/darilni-bon-alpaka-ranc-otroci-3-14-leta\/#primaryimage","url":"https:\/\/alpakarancslovenija.si\/wp-content\/uploads\/2025\/09\/img_1169.jpeg","contentUrl":"https:\/\/alpakarancslovenija.si\/wp-content\/uploads\/2025\/09\/img_1169.jpeg","width":1179,"height":1154,"caption":"Screenshot"},{"@type":"BreadcrumbList","@id":"https:\/\/alpakarancslovenija.si\/product\/darilni-bon-alpaka-ranc-otroci-3-14-leta\/#breadcrumb","itemListElement":[{"@type":"ListItem","position":1,"name":"Home","item":"https:\/\/alpakarancslovenija.si\/"},{"@type":"ListItem","position":2,"name":"Izdelki","item":"https:\/\/alpakarancslovenija.si\/shop\/"},{"@type":"ListItem","position":3,"name":"Darilni bon alpaka ran\u010d &#8211; otroci (2,99-13,99 leta) &#8211; nakup"}]},{"@type":"WebSite","@id":"https:\/\/alpakarancslovenija.si\/#website","url":"https:\/\/alpakarancslovenija.si\/","name":"Alpaka Ran\u010d Slovenija","description":"Dobrodo\u0161li na Alpaka Ran\u010d","publisher":{"@id":"https:\/\/alpakarancslovenija.si\/#organization"},"potentialAction":[{"@type":"SearchAction","target":{"@type":"EntryPoint","urlTemplate":"https:\/\/alpakarancslovenija.si\/?s={search_term_string}"},"query-input":{"@type":"PropertyValueSpecification","valueRequired":true,"valueName":"search_term_string"}}],"inLanguage":"en-GB"},{"@type":"Organization","@id":"https:\/\/alpakarancslovenija.si\/#organization","name":"Alpaka Ran\u010d Slovenija","url":"https:\/\/alpakarancslovenija.si\/","logo":{"@type":"ImageObject","inLanguage":"en-GB","@id":"https:\/\/alpakarancslovenija.si\/#\/schema\/logo\/image\/","url":"https:\/\/alpakarancslovenija.si\/wp-content\/uploads\/2023\/02\/image_6487327.jpg","contentUrl":"https:\/\/alpakarancslovenija.si\/wp-content\/uploads\/2023\/02\/image_6487327.jpg","width":1024,"height":1001,"caption":"Alpaka Ran\u010d Slovenija"},"image":{"@id":"https:\/\/alpakarancslovenija.si\/#\/schema\/logo\/image\/"},"sameAs":["https:\/\/www.facebook.com\/profile.php?id=100078150129890","https:\/\/www.instagram.com\/alpakarancslovenija\/"]}]}},"_links":{"self":[{"href":"https:\/\/alpakarancslovenija.si\/en\/wp-json\/wp\/v2\/product\/2061","targetHints":{"allow":["GET"]}}],"collection":[{"href":"https:\/\/alpakarancslovenija.si\/en\/wp-json\/wp\/v2\/product"}],"about":[{"href":"https:\/\/alpakarancslovenija.si\/en\/wp-json\/wp\/v2\/types\/product"}],"wp:featuredmedia":[{"embeddable":true,"href":"https:\/\/alpakarancslovenija.si\/en\/wp-json\/wp\/v2\/media\/2066"}],"wp:attachment":[{"href":"https:\/\/alpakarancslovenija.si\/en\/wp-json\/wp\/v2\/media?parent=2061"}],"wp:term":[{"taxonomy":"product_brand","embeddable":true,"href":"https:\/\/alpakarancslovenija.si\/en\/wp-json\/wp\/v2\/product_brand?post=2061"},{"taxonomy":"product_cat","embeddable":true,"href":"https:\/\/alpakarancslovenija.si\/en\/wp-json\/wp\/v2\/product_cat?post=2061"},{"taxonomy":"product_tag","embeddable":true,"href":"https:\/\/alpakarancslovenija.si\/en\/wp-json\/wp\/v2\/product_tag?post=2061"}],"curies":[{"name":"wp","href":"https:\/\/api.w.org\/{rel}","templated":true}]}}