{"id":2299,"date":"2026-04-14T19:18:52","date_gmt":"2026-04-14T19:18:52","guid":{"rendered":"https:\/\/alpakarancslovenija.si\/product\/rocno-pletena-baby-alpaka-kapa-za-dojencka-mehka-topla-in-naravna\/"},"modified":"2026-04-14T19:18:54","modified_gmt":"2026-04-14T19:18:54","slug":"rocno-pletena-baby-alpaka-kapa-za-dojencka-mehka-topla-in-naravna","status":"publish","type":"product","link":"https:\/\/alpakarancslovenija.si\/en\/product\/rocno-pletena-baby-alpaka-kapa-za-dojencka-mehka-topla-in-naravna\/","title":{"rendered":"Ro\u010dno pletena baby alpaka kapa za dojen\u010dka \u2013 mehka, topla in naravna"},"content":{"rendered":"<p>\u010cudovita ro\u010dno pletena kapa za dojen\u010dka, izdelana iz visokokakovostne baby alpaka volne. Izdelek je ustvarjen z veliko pozornosti do detajlov in ljubezni do ro\u010dnega dela, zato je kapa unikat.<\/p>\n<p>Baby alpaka volna je izjemno mehka, ne\u017ena do ob\u010dutljive otro\u0161ke ko\u017ee in hkrati zelo topla ter zra\u010dna. Kapa je primerna za hladnej\u0161e dni, saj ohranja toploto, ne da bi povzro\u010dala pregrevanje.<\/p>\n<p>\u2714 Izjemno mehka in prijetna na dotik<\/p>\n<p>\u2714 Primerna za novorojen\u010dke in dojen\u010dke<\/p>\n<p>\u2714 Naraven material \u2013 brez dra\u017eenja ko\u017ee<\/p>\n<p>\u2714 Nevtralna barva, primerna za fantke in pun\u010dke<\/p>\n<p>Popolna izbira kot darilo ob rojstvu ali za va\u0161ega mal\u010dka.<\/p>","protected":false},"excerpt":{"rendered":"<p>\u010cudovita ro\u010dno pletena kapa za dojen\u010dka, izdelana iz visokokakovostne baby alpaka volne. Izdelek je ustvarjen z veliko pozornosti do detajlov in ljubezni do ro\u010dnega dela, zato je kapa unikat. Baby alpaka volna je izjemno mehka, ne\u017ena do ob\u010dutljive otro\u0161ke ko\u017ee in hkrati zelo topla ter zra\u010dna. Kapa je primerna za hladnej\u0161e dni, saj ohranja toploto, [&hellip;]<\/p>","protected":false},"featured_media":2298,"template":"","meta":[],"product_brand":[],"product_cat":[15],"product_tag":[],"class_list":{"0":"post-2299","1":"product","2":"type-product","3":"status-publish","4":"has-post-thumbnail","6":"product_cat-naravniizdelki","7":"grve-entry-item","9":"first","10":"instock","11":"shipping-taxable","12":"purchasable","13":"product-type-simple"},"yoast_head":"<!-- This site is optimized with the Yoast SEO plugin v24.3 - https:\/\/yoast.com\/wordpress\/plugins\/seo\/ -->\n<title>Ro\u010dno pletena baby alpaka kapa za dojen\u010dka \u2013 mehka, topla in naravna - Alpaka Ran\u010d Slovenija<\/title>\n<meta name=\"robots\" content=\"index, follow, max-snippet:-1, max-image-preview:large, max-video-preview:-1\" \/>\n<link rel=\"canonical\" href=\"https:\/\/alpakarancslovenija.si\/en\/product\/rocno-pletena-baby-alpaka-kapa-za-dojencka-mehka-topla-in-naravna\/\" \/>\n<meta property=\"og:locale\" content=\"en_GB\" \/>\n<meta property=\"og:type\" content=\"article\" \/>\n<meta property=\"og:title\" content=\"Ro\u010dno pletena baby alpaka kapa za dojen\u010dka \u2013 mehka, topla in naravna - Alpaka Ran\u010d Slovenija\" \/>\n<meta property=\"og:description\" content=\"\u010cudovita ro\u010dno pletena kapa za dojen\u010dka, izdelana iz visokokakovostne baby alpaka volne. Izdelek je ustvarjen z veliko pozornosti do detajlov in ljubezni do ro\u010dnega dela, zato je kapa unikat. Baby alpaka volna je izjemno mehka, ne\u017ena do ob\u010dutljive otro\u0161ke ko\u017ee in hkrati zelo topla ter zra\u010dna. Kapa je primerna za hladnej\u0161e dni, saj ohranja toploto, [&hellip;]\" \/>\n<meta property=\"og:url\" content=\"https:\/\/alpakarancslovenija.si\/en\/product\/rocno-pletena-baby-alpaka-kapa-za-dojencka-mehka-topla-in-naravna\/\" \/>\n<meta property=\"og:site_name\" content=\"Alpaka Ran\u010d Slovenija\" \/>\n<meta property=\"article:publisher\" content=\"https:\/\/www.facebook.com\/profile.php?id=100078150129890\" \/>\n<meta property=\"article:modified_time\" content=\"2026-04-14T19:18:54+00:00\" \/>\n<meta name=\"twitter:card\" content=\"summary_large_image\" \/>\n<meta name=\"twitter:label1\" content=\"Estimated reading time\" \/>\n\t<meta name=\"twitter:data1\" content=\"1 minute\" \/>\n<script type=\"application\/ld+json\" class=\"yoast-schema-graph\">{\"@context\":\"https:\/\/schema.org\",\"@graph\":[{\"@type\":\"WebPage\",\"@id\":\"https:\/\/alpakarancslovenija.si\/product\/rocno-pletena-baby-alpaka-kapa-za-dojencka-mehka-topla-in-naravna\/\",\"url\":\"https:\/\/alpakarancslovenija.si\/product\/rocno-pletena-baby-alpaka-kapa-za-dojencka-mehka-topla-in-naravna\/\",\"name\":\"Ro\u010dno pletena baby alpaka kapa za dojen\u010dka \u2013 mehka, topla in naravna - Alpaka Ran\u010d Slovenija\",\"isPartOf\":{\"@id\":\"https:\/\/alpakarancslovenija.si\/#website\"},\"primaryImageOfPage\":{\"@id\":\"https:\/\/alpakarancslovenija.si\/product\/rocno-pletena-baby-alpaka-kapa-za-dojencka-mehka-topla-in-naravna\/#primaryimage\"},\"image\":{\"@id\":\"https:\/\/alpakarancslovenija.si\/product\/rocno-pletena-baby-alpaka-kapa-za-dojencka-mehka-topla-in-naravna\/#primaryimage\"},\"thumbnailUrl\":\"https:\/\/alpakarancslovenija.si\/wp-content\/uploads\/2026\/04\/img_3513-scaled.jpeg\",\"datePublished\":\"2026-04-14T19:18:52+00:00\",\"dateModified\":\"2026-04-14T19:18:54+00:00\",\"breadcrumb\":{\"@id\":\"https:\/\/alpakarancslovenija.si\/product\/rocno-pletena-baby-alpaka-kapa-za-dojencka-mehka-topla-in-naravna\/#breadcrumb\"},\"inLanguage\":\"en-GB\",\"potentialAction\":[{\"@type\":\"ReadAction\",\"target\":[\"https:\/\/alpakarancslovenija.si\/product\/rocno-pletena-baby-alpaka-kapa-za-dojencka-mehka-topla-in-naravna\/\"]}]},{\"@type\":\"ImageObject\",\"inLanguage\":\"en-GB\",\"@id\":\"https:\/\/alpakarancslovenija.si\/product\/rocno-pletena-baby-alpaka-kapa-za-dojencka-mehka-topla-in-naravna\/#primaryimage\",\"url\":\"https:\/\/alpakarancslovenija.si\/wp-content\/uploads\/2026\/04\/img_3513-scaled.jpeg\",\"contentUrl\":\"https:\/\/alpakarancslovenija.si\/wp-content\/uploads\/2026\/04\/img_3513-scaled.jpeg\",\"width\":1920,\"height\":2560},{\"@type\":\"BreadcrumbList\",\"@id\":\"https:\/\/alpakarancslovenija.si\/product\/rocno-pletena-baby-alpaka-kapa-za-dojencka-mehka-topla-in-naravna\/#breadcrumb\",\"itemListElement\":[{\"@type\":\"ListItem\",\"position\":1,\"name\":\"Home\",\"item\":\"https:\/\/alpakarancslovenija.si\/\"},{\"@type\":\"ListItem\",\"position\":2,\"name\":\"Izdelki\",\"item\":\"https:\/\/alpakarancslovenija.si\/shop\/\"},{\"@type\":\"ListItem\",\"position\":3,\"name\":\"Ro\u010dno pletena baby alpaka kapa za dojen\u010dka \u2013 mehka, topla in naravna\"}]},{\"@type\":\"WebSite\",\"@id\":\"https:\/\/alpakarancslovenija.si\/#website\",\"url\":\"https:\/\/alpakarancslovenija.si\/\",\"name\":\"Alpaka Ran\u010d Slovenija\",\"description\":\"Dobrodo\u0161li na Alpaka Ran\u010d\",\"publisher\":{\"@id\":\"https:\/\/alpakarancslovenija.si\/#organization\"},\"potentialAction\":[{\"@type\":\"SearchAction\",\"target\":{\"@type\":\"EntryPoint\",\"urlTemplate\":\"https:\/\/alpakarancslovenija.si\/?s={search_term_string}\"},\"query-input\":{\"@type\":\"PropertyValueSpecification\",\"valueRequired\":true,\"valueName\":\"search_term_string\"}}],\"inLanguage\":\"en-GB\"},{\"@type\":\"Organization\",\"@id\":\"https:\/\/alpakarancslovenija.si\/#organization\",\"name\":\"Alpaka Ran\u010d Slovenija\",\"url\":\"https:\/\/alpakarancslovenija.si\/\",\"logo\":{\"@type\":\"ImageObject\",\"inLanguage\":\"en-GB\",\"@id\":\"https:\/\/alpakarancslovenija.si\/#\/schema\/logo\/image\/\",\"url\":\"https:\/\/alpakarancslovenija.si\/wp-content\/uploads\/2023\/02\/image_6487327.jpg\",\"contentUrl\":\"https:\/\/alpakarancslovenija.si\/wp-content\/uploads\/2023\/02\/image_6487327.jpg\",\"width\":1024,\"height\":1001,\"caption\":\"Alpaka Ran\u010d Slovenija\"},\"image\":{\"@id\":\"https:\/\/alpakarancslovenija.si\/#\/schema\/logo\/image\/\"},\"sameAs\":[\"https:\/\/www.facebook.com\/profile.php?id=100078150129890\",\"https:\/\/www.instagram.com\/alpakarancslovenija\/\"]}]}<\/script>\n<!-- \/ Yoast SEO plugin. -->","yoast_head_json":{"title":"Ro\u010dno pletena baby alpaka kapa za dojen\u010dka \u2013 mehka, topla in naravna - Alpaka Ran\u010d Slovenija","robots":{"index":"index","follow":"follow","max-snippet":"max-snippet:-1","max-image-preview":"max-image-preview:large","max-video-preview":"max-video-preview:-1"},"canonical":"https:\/\/alpakarancslovenija.si\/en\/product\/rocno-pletena-baby-alpaka-kapa-za-dojencka-mehka-topla-in-naravna\/","og_locale":"en_GB","og_type":"article","og_title":"Ro\u010dno pletena baby alpaka kapa za dojen\u010dka \u2013 mehka, topla in naravna - Alpaka Ran\u010d Slovenija","og_description":"\u010cudovita ro\u010dno pletena kapa za dojen\u010dka, izdelana iz visokokakovostne baby alpaka volne. Izdelek je ustvarjen z veliko pozornosti do detajlov in ljubezni do ro\u010dnega dela, zato je kapa unikat. Baby alpaka volna je izjemno mehka, ne\u017ena do ob\u010dutljive otro\u0161ke ko\u017ee in hkrati zelo topla ter zra\u010dna. Kapa je primerna za hladnej\u0161e dni, saj ohranja toploto, [&hellip;]","og_url":"https:\/\/alpakarancslovenija.si\/en\/product\/rocno-pletena-baby-alpaka-kapa-za-dojencka-mehka-topla-in-naravna\/","og_site_name":"Alpaka Ran\u010d Slovenija","article_publisher":"https:\/\/www.facebook.com\/profile.php?id=100078150129890","article_modified_time":"2026-04-14T19:18:54+00:00","twitter_card":"summary_large_image","twitter_misc":{"Estimated reading time":"1 minute"},"schema":{"@context":"https:\/\/schema.org","@graph":[{"@type":"WebPage","@id":"https:\/\/alpakarancslovenija.si\/product\/rocno-pletena-baby-alpaka-kapa-za-dojencka-mehka-topla-in-naravna\/","url":"https:\/\/alpakarancslovenija.si\/product\/rocno-pletena-baby-alpaka-kapa-za-dojencka-mehka-topla-in-naravna\/","name":"Ro\u010dno pletena baby alpaka kapa za dojen\u010dka \u2013 mehka, topla in naravna - Alpaka Ran\u010d Slovenija","isPartOf":{"@id":"https:\/\/alpakarancslovenija.si\/#website"},"primaryImageOfPage":{"@id":"https:\/\/alpakarancslovenija.si\/product\/rocno-pletena-baby-alpaka-kapa-za-dojencka-mehka-topla-in-naravna\/#primaryimage"},"image":{"@id":"https:\/\/alpakarancslovenija.si\/product\/rocno-pletena-baby-alpaka-kapa-za-dojencka-mehka-topla-in-naravna\/#primaryimage"},"thumbnailUrl":"https:\/\/alpakarancslovenija.si\/wp-content\/uploads\/2026\/04\/img_3513-scaled.jpeg","datePublished":"2026-04-14T19:18:52+00:00","dateModified":"2026-04-14T19:18:54+00:00","breadcrumb":{"@id":"https:\/\/alpakarancslovenija.si\/product\/rocno-pletena-baby-alpaka-kapa-za-dojencka-mehka-topla-in-naravna\/#breadcrumb"},"inLanguage":"en-GB","potentialAction":[{"@type":"ReadAction","target":["https:\/\/alpakarancslovenija.si\/product\/rocno-pletena-baby-alpaka-kapa-za-dojencka-mehka-topla-in-naravna\/"]}]},{"@type":"ImageObject","inLanguage":"en-GB","@id":"https:\/\/alpakarancslovenija.si\/product\/rocno-pletena-baby-alpaka-kapa-za-dojencka-mehka-topla-in-naravna\/#primaryimage","url":"https:\/\/alpakarancslovenija.si\/wp-content\/uploads\/2026\/04\/img_3513-scaled.jpeg","contentUrl":"https:\/\/alpakarancslovenija.si\/wp-content\/uploads\/2026\/04\/img_3513-scaled.jpeg","width":1920,"height":2560},{"@type":"BreadcrumbList","@id":"https:\/\/alpakarancslovenija.si\/product\/rocno-pletena-baby-alpaka-kapa-za-dojencka-mehka-topla-in-naravna\/#breadcrumb","itemListElement":[{"@type":"ListItem","position":1,"name":"Home","item":"https:\/\/alpakarancslovenija.si\/"},{"@type":"ListItem","position":2,"name":"Izdelki","item":"https:\/\/alpakarancslovenija.si\/shop\/"},{"@type":"ListItem","position":3,"name":"Ro\u010dno pletena baby alpaka kapa za dojen\u010dka \u2013 mehka, topla in naravna"}]},{"@type":"WebSite","@id":"https:\/\/alpakarancslovenija.si\/#website","url":"https:\/\/alpakarancslovenija.si\/","name":"Alpaka Ran\u010d Slovenija","description":"Dobrodo\u0161li na Alpaka Ran\u010d","publisher":{"@id":"https:\/\/alpakarancslovenija.si\/#organization"},"potentialAction":[{"@type":"SearchAction","target":{"@type":"EntryPoint","urlTemplate":"https:\/\/alpakarancslovenija.si\/?s={search_term_string}"},"query-input":{"@type":"PropertyValueSpecification","valueRequired":true,"valueName":"search_term_string"}}],"inLanguage":"en-GB"},{"@type":"Organization","@id":"https:\/\/alpakarancslovenija.si\/#organization","name":"Alpaka Ran\u010d Slovenija","url":"https:\/\/alpakarancslovenija.si\/","logo":{"@type":"ImageObject","inLanguage":"en-GB","@id":"https:\/\/alpakarancslovenija.si\/#\/schema\/logo\/image\/","url":"https:\/\/alpakarancslovenija.si\/wp-content\/uploads\/2023\/02\/image_6487327.jpg","contentUrl":"https:\/\/alpakarancslovenija.si\/wp-content\/uploads\/2023\/02\/image_6487327.jpg","width":1024,"height":1001,"caption":"Alpaka Ran\u010d Slovenija"},"image":{"@id":"https:\/\/alpakarancslovenija.si\/#\/schema\/logo\/image\/"},"sameAs":["https:\/\/www.facebook.com\/profile.php?id=100078150129890","https:\/\/www.instagram.com\/alpakarancslovenija\/"]}]}},"_links":{"self":[{"href":"https:\/\/alpakarancslovenija.si\/en\/wp-json\/wp\/v2\/product\/2299","targetHints":{"allow":["GET"]}}],"collection":[{"href":"https:\/\/alpakarancslovenija.si\/en\/wp-json\/wp\/v2\/product"}],"about":[{"href":"https:\/\/alpakarancslovenija.si\/en\/wp-json\/wp\/v2\/types\/product"}],"wp:featuredmedia":[{"embeddable":true,"href":"https:\/\/alpakarancslovenija.si\/en\/wp-json\/wp\/v2\/media\/2298"}],"wp:attachment":[{"href":"https:\/\/alpakarancslovenija.si\/en\/wp-json\/wp\/v2\/media?parent=2299"}],"wp:term":[{"taxonomy":"product_brand","embeddable":true,"href":"https:\/\/alpakarancslovenija.si\/en\/wp-json\/wp\/v2\/product_brand?post=2299"},{"taxonomy":"product_cat","embeddable":true,"href":"https:\/\/alpakarancslovenija.si\/en\/wp-json\/wp\/v2\/product_cat?post=2299"},{"taxonomy":"product_tag","embeddable":true,"href":"https:\/\/alpakarancslovenija.si\/en\/wp-json\/wp\/v2\/product_tag?post=2299"}],"curies":[{"name":"wp","href":"https:\/\/api.w.org\/{rel}","templated":true}]}}