{"id":2315,"date":"2026-04-24T12:34:02","date_gmt":"2026-04-24T12:34:02","guid":{"rendered":"https:\/\/alpakarancslovenija.si\/product\/keramicni-loncek-z-motivom-alpake\/"},"modified":"2026-05-03T16:05:44","modified_gmt":"2026-05-03T16:05:44","slug":"keramicni-loncek-z-motivom-alpake","status":"publish","type":"product","link":"https:\/\/alpakarancslovenija.si\/en\/product\/keramicni-loncek-z-motivom-alpake\/","title":{"rendered":"Kerami\u010dni lon\u010dek z motivom alpake"},"content":{"rendered":"<p>Unikatni kerami\u010dni lon\u010dek z motivom alpake \ud83e\udd99<\/p>\n<p>Ro\u010dno izdelani in glazirani kerami\u010dni lon\u010dek, vsak s svojim zna\u010dajem. Na voljo lon\u010dek kot prikazano na sliki.<\/p>\n<p>Lon\u010dek krasi prikupna alpaka in rde\u010d sr\u010dek na sredini, kar mu daje poseben, topel zna\u010daj. Ker gre za ro\u010dno delo, je izdelek edinstven in rahlo druga\u010den.<\/p>\n<p>Popolna izbira za darilo ali za polep\u0161anje va\u0161e jutranje kave \u2615<\/p>","protected":false},"excerpt":{"rendered":"<p>Unikatni kerami\u010dni lon\u010dek z motivom alpake \ud83e\udd99 Ro\u010dno izdelani in glazirani kerami\u010dni lon\u010dek, vsak s svojim zna\u010dajem. Na voljo lon\u010dek kot prikazano na sliki. Lon\u010dek krasi prikupna alpaka in rde\u010d sr\u010dek na sredini, kar mu daje poseben, topel zna\u010daj. Ker gre za ro\u010dno delo, je izdelek edinstven in rahlo druga\u010den. Popolna izbira za darilo ali [&hellip;]<\/p>","protected":false},"featured_media":2314,"template":"","meta":[],"product_brand":[],"product_cat":[15],"product_tag":[],"class_list":{"0":"post-2315","1":"product","2":"type-product","3":"status-publish","4":"has-post-thumbnail","6":"product_cat-naravniizdelki","7":"grve-entry-item","9":"first","10":"instock","11":"shipping-taxable","12":"purchasable","13":"product-type-simple"},"yoast_head":"<!-- This site is optimized with the Yoast SEO plugin v24.3 - https:\/\/yoast.com\/wordpress\/plugins\/seo\/ -->\n<title>Kerami\u010dni lon\u010dek z motivom alpake - Alpaka Ran\u010d Slovenija<\/title>\n<meta name=\"robots\" content=\"index, follow, max-snippet:-1, max-image-preview:large, max-video-preview:-1\" \/>\n<link rel=\"canonical\" href=\"https:\/\/alpakarancslovenija.si\/en\/product\/keramicni-loncek-z-motivom-alpake\/\" \/>\n<meta property=\"og:locale\" content=\"en_GB\" \/>\n<meta property=\"og:type\" content=\"article\" \/>\n<meta property=\"og:title\" content=\"Kerami\u010dni lon\u010dek z motivom alpake - Alpaka Ran\u010d Slovenija\" \/>\n<meta property=\"og:description\" content=\"Unikatni kerami\u010dni lon\u010dek z motivom alpake \ud83e\udd99 Ro\u010dno izdelani in glazirani kerami\u010dni lon\u010dek, vsak s svojim zna\u010dajem. Na voljo lon\u010dek kot prikazano na sliki. Lon\u010dek krasi prikupna alpaka in rde\u010d sr\u010dek na sredini, kar mu daje poseben, topel zna\u010daj. Ker gre za ro\u010dno delo, je izdelek edinstven in rahlo druga\u010den. Popolna izbira za darilo ali [&hellip;]\" \/>\n<meta property=\"og:url\" content=\"https:\/\/alpakarancslovenija.si\/en\/product\/keramicni-loncek-z-motivom-alpake\/\" \/>\n<meta property=\"og:site_name\" content=\"Alpaka Ran\u010d Slovenija\" \/>\n<meta property=\"article:publisher\" content=\"https:\/\/www.facebook.com\/profile.php?id=100078150129890\" \/>\n<meta property=\"article:modified_time\" content=\"2026-05-03T16:05:44+00:00\" \/>\n<meta property=\"og:image\" content=\"https:\/\/alpakarancslovenija.si\/wp-content\/uploads\/2026\/04\/49bb100e-3036-46a3-afeb-ca91e1175fd6-1.jpeg\" \/>\n\t<meta property=\"og:image:width\" content=\"1179\" \/>\n\t<meta property=\"og:image:height\" content=\"2096\" \/>\n\t<meta property=\"og:image:type\" content=\"image\/jpeg\" \/>\n<meta name=\"twitter:card\" content=\"summary_large_image\" \/>\n<script type=\"application\/ld+json\" class=\"yoast-schema-graph\">{\"@context\":\"https:\/\/schema.org\",\"@graph\":[{\"@type\":\"WebPage\",\"@id\":\"https:\/\/alpakarancslovenija.si\/product\/keramicni-loncek-z-motivom-alpake\/\",\"url\":\"https:\/\/alpakarancslovenija.si\/product\/keramicni-loncek-z-motivom-alpake\/\",\"name\":\"Kerami\u010dni lon\u010dek z motivom alpake - Alpaka Ran\u010d Slovenija\",\"isPartOf\":{\"@id\":\"https:\/\/alpakarancslovenija.si\/#website\"},\"primaryImageOfPage\":{\"@id\":\"https:\/\/alpakarancslovenija.si\/product\/keramicni-loncek-z-motivom-alpake\/#primaryimage\"},\"image\":{\"@id\":\"https:\/\/alpakarancslovenija.si\/product\/keramicni-loncek-z-motivom-alpake\/#primaryimage\"},\"thumbnailUrl\":\"https:\/\/alpakarancslovenija.si\/wp-content\/uploads\/2026\/04\/img_3672-1-scaled.jpeg\",\"datePublished\":\"2026-04-24T12:34:02+00:00\",\"dateModified\":\"2026-05-03T16:05:44+00:00\",\"breadcrumb\":{\"@id\":\"https:\/\/alpakarancslovenija.si\/product\/keramicni-loncek-z-motivom-alpake\/#breadcrumb\"},\"inLanguage\":\"en-GB\",\"potentialAction\":[{\"@type\":\"ReadAction\",\"target\":[\"https:\/\/alpakarancslovenija.si\/product\/keramicni-loncek-z-motivom-alpake\/\"]}]},{\"@type\":\"ImageObject\",\"inLanguage\":\"en-GB\",\"@id\":\"https:\/\/alpakarancslovenija.si\/product\/keramicni-loncek-z-motivom-alpake\/#primaryimage\",\"url\":\"https:\/\/alpakarancslovenija.si\/wp-content\/uploads\/2026\/04\/img_3672-1-scaled.jpeg\",\"contentUrl\":\"https:\/\/alpakarancslovenija.si\/wp-content\/uploads\/2026\/04\/img_3672-1-scaled.jpeg\",\"width\":1920,\"height\":2560},{\"@type\":\"BreadcrumbList\",\"@id\":\"https:\/\/alpakarancslovenija.si\/product\/keramicni-loncek-z-motivom-alpake\/#breadcrumb\",\"itemListElement\":[{\"@type\":\"ListItem\",\"position\":1,\"name\":\"Home\",\"item\":\"https:\/\/alpakarancslovenija.si\/\"},{\"@type\":\"ListItem\",\"position\":2,\"name\":\"Izdelki\",\"item\":\"https:\/\/alpakarancslovenija.si\/shop\/\"},{\"@type\":\"ListItem\",\"position\":3,\"name\":\"Kerami\u010dni lon\u010dek z motivom alpake\"}]},{\"@type\":\"WebSite\",\"@id\":\"https:\/\/alpakarancslovenija.si\/#website\",\"url\":\"https:\/\/alpakarancslovenija.si\/\",\"name\":\"Alpaka Ran\u010d Slovenija\",\"description\":\"Dobrodo\u0161li na Alpaka Ran\u010d\",\"publisher\":{\"@id\":\"https:\/\/alpakarancslovenija.si\/#organization\"},\"potentialAction\":[{\"@type\":\"SearchAction\",\"target\":{\"@type\":\"EntryPoint\",\"urlTemplate\":\"https:\/\/alpakarancslovenija.si\/?s={search_term_string}\"},\"query-input\":{\"@type\":\"PropertyValueSpecification\",\"valueRequired\":true,\"valueName\":\"search_term_string\"}}],\"inLanguage\":\"en-GB\"},{\"@type\":\"Organization\",\"@id\":\"https:\/\/alpakarancslovenija.si\/#organization\",\"name\":\"Alpaka Ran\u010d Slovenija\",\"url\":\"https:\/\/alpakarancslovenija.si\/\",\"logo\":{\"@type\":\"ImageObject\",\"inLanguage\":\"en-GB\",\"@id\":\"https:\/\/alpakarancslovenija.si\/#\/schema\/logo\/image\/\",\"url\":\"https:\/\/alpakarancslovenija.si\/wp-content\/uploads\/2023\/02\/image_6487327.jpg\",\"contentUrl\":\"https:\/\/alpakarancslovenija.si\/wp-content\/uploads\/2023\/02\/image_6487327.jpg\",\"width\":1024,\"height\":1001,\"caption\":\"Alpaka Ran\u010d Slovenija\"},\"image\":{\"@id\":\"https:\/\/alpakarancslovenija.si\/#\/schema\/logo\/image\/\"},\"sameAs\":[\"https:\/\/www.facebook.com\/profile.php?id=100078150129890\",\"https:\/\/www.instagram.com\/alpakarancslovenija\/\"]}]}<\/script>\n<!-- \/ Yoast SEO plugin. -->","yoast_head_json":{"title":"Kerami\u010dni lon\u010dek z motivom alpake - Alpaka Ran\u010d Slovenija","robots":{"index":"index","follow":"follow","max-snippet":"max-snippet:-1","max-image-preview":"max-image-preview:large","max-video-preview":"max-video-preview:-1"},"canonical":"https:\/\/alpakarancslovenija.si\/en\/product\/keramicni-loncek-z-motivom-alpake\/","og_locale":"en_GB","og_type":"article","og_title":"Kerami\u010dni lon\u010dek z motivom alpake - Alpaka Ran\u010d Slovenija","og_description":"Unikatni kerami\u010dni lon\u010dek z motivom alpake \ud83e\udd99 Ro\u010dno izdelani in glazirani kerami\u010dni lon\u010dek, vsak s svojim zna\u010dajem. Na voljo lon\u010dek kot prikazano na sliki. Lon\u010dek krasi prikupna alpaka in rde\u010d sr\u010dek na sredini, kar mu daje poseben, topel zna\u010daj. Ker gre za ro\u010dno delo, je izdelek edinstven in rahlo druga\u010den. Popolna izbira za darilo ali [&hellip;]","og_url":"https:\/\/alpakarancslovenija.si\/en\/product\/keramicni-loncek-z-motivom-alpake\/","og_site_name":"Alpaka Ran\u010d Slovenija","article_publisher":"https:\/\/www.facebook.com\/profile.php?id=100078150129890","article_modified_time":"2026-05-03T16:05:44+00:00","og_image":[{"width":1179,"height":2096,"url":"https:\/\/alpakarancslovenija.si\/wp-content\/uploads\/2026\/04\/49bb100e-3036-46a3-afeb-ca91e1175fd6-1.jpeg","type":"image\/jpeg"}],"twitter_card":"summary_large_image","schema":{"@context":"https:\/\/schema.org","@graph":[{"@type":"WebPage","@id":"https:\/\/alpakarancslovenija.si\/product\/keramicni-loncek-z-motivom-alpake\/","url":"https:\/\/alpakarancslovenija.si\/product\/keramicni-loncek-z-motivom-alpake\/","name":"Kerami\u010dni lon\u010dek z motivom alpake - Alpaka Ran\u010d Slovenija","isPartOf":{"@id":"https:\/\/alpakarancslovenija.si\/#website"},"primaryImageOfPage":{"@id":"https:\/\/alpakarancslovenija.si\/product\/keramicni-loncek-z-motivom-alpake\/#primaryimage"},"image":{"@id":"https:\/\/alpakarancslovenija.si\/product\/keramicni-loncek-z-motivom-alpake\/#primaryimage"},"thumbnailUrl":"https:\/\/alpakarancslovenija.si\/wp-content\/uploads\/2026\/04\/img_3672-1-scaled.jpeg","datePublished":"2026-04-24T12:34:02+00:00","dateModified":"2026-05-03T16:05:44+00:00","breadcrumb":{"@id":"https:\/\/alpakarancslovenija.si\/product\/keramicni-loncek-z-motivom-alpake\/#breadcrumb"},"inLanguage":"en-GB","potentialAction":[{"@type":"ReadAction","target":["https:\/\/alpakarancslovenija.si\/product\/keramicni-loncek-z-motivom-alpake\/"]}]},{"@type":"ImageObject","inLanguage":"en-GB","@id":"https:\/\/alpakarancslovenija.si\/product\/keramicni-loncek-z-motivom-alpake\/#primaryimage","url":"https:\/\/alpakarancslovenija.si\/wp-content\/uploads\/2026\/04\/img_3672-1-scaled.jpeg","contentUrl":"https:\/\/alpakarancslovenija.si\/wp-content\/uploads\/2026\/04\/img_3672-1-scaled.jpeg","width":1920,"height":2560},{"@type":"BreadcrumbList","@id":"https:\/\/alpakarancslovenija.si\/product\/keramicni-loncek-z-motivom-alpake\/#breadcrumb","itemListElement":[{"@type":"ListItem","position":1,"name":"Home","item":"https:\/\/alpakarancslovenija.si\/"},{"@type":"ListItem","position":2,"name":"Izdelki","item":"https:\/\/alpakarancslovenija.si\/shop\/"},{"@type":"ListItem","position":3,"name":"Kerami\u010dni lon\u010dek z motivom alpake"}]},{"@type":"WebSite","@id":"https:\/\/alpakarancslovenija.si\/#website","url":"https:\/\/alpakarancslovenija.si\/","name":"Alpaka Ran\u010d Slovenija","description":"Dobrodo\u0161li na Alpaka Ran\u010d","publisher":{"@id":"https:\/\/alpakarancslovenija.si\/#organization"},"potentialAction":[{"@type":"SearchAction","target":{"@type":"EntryPoint","urlTemplate":"https:\/\/alpakarancslovenija.si\/?s={search_term_string}"},"query-input":{"@type":"PropertyValueSpecification","valueRequired":true,"valueName":"search_term_string"}}],"inLanguage":"en-GB"},{"@type":"Organization","@id":"https:\/\/alpakarancslovenija.si\/#organization","name":"Alpaka Ran\u010d Slovenija","url":"https:\/\/alpakarancslovenija.si\/","logo":{"@type":"ImageObject","inLanguage":"en-GB","@id":"https:\/\/alpakarancslovenija.si\/#\/schema\/logo\/image\/","url":"https:\/\/alpakarancslovenija.si\/wp-content\/uploads\/2023\/02\/image_6487327.jpg","contentUrl":"https:\/\/alpakarancslovenija.si\/wp-content\/uploads\/2023\/02\/image_6487327.jpg","width":1024,"height":1001,"caption":"Alpaka Ran\u010d Slovenija"},"image":{"@id":"https:\/\/alpakarancslovenija.si\/#\/schema\/logo\/image\/"},"sameAs":["https:\/\/www.facebook.com\/profile.php?id=100078150129890","https:\/\/www.instagram.com\/alpakarancslovenija\/"]}]}},"_links":{"self":[{"href":"https:\/\/alpakarancslovenija.si\/en\/wp-json\/wp\/v2\/product\/2315","targetHints":{"allow":["GET"]}}],"collection":[{"href":"https:\/\/alpakarancslovenija.si\/en\/wp-json\/wp\/v2\/product"}],"about":[{"href":"https:\/\/alpakarancslovenija.si\/en\/wp-json\/wp\/v2\/types\/product"}],"wp:featuredmedia":[{"embeddable":true,"href":"https:\/\/alpakarancslovenija.si\/en\/wp-json\/wp\/v2\/media\/2314"}],"wp:attachment":[{"href":"https:\/\/alpakarancslovenija.si\/en\/wp-json\/wp\/v2\/media?parent=2315"}],"wp:term":[{"taxonomy":"product_brand","embeddable":true,"href":"https:\/\/alpakarancslovenija.si\/en\/wp-json\/wp\/v2\/product_brand?post=2315"},{"taxonomy":"product_cat","embeddable":true,"href":"https:\/\/alpakarancslovenija.si\/en\/wp-json\/wp\/v2\/product_cat?post=2315"},{"taxonomy":"product_tag","embeddable":true,"href":"https:\/\/alpakarancslovenija.si\/en\/wp-json\/wp\/v2\/product_tag?post=2315"}],"curies":[{"name":"wp","href":"https:\/\/api.w.org\/{rel}","templated":true}]}}